{"id":18867,"date":"2020-08-05T13:09:59","date_gmt":"2020-08-05T12:09:59","guid":{"rendered":"https:\/\/www.meliamadeira.com\/?page_id=18867"},"modified":"2021-02-10T14:44:42","modified_gmt":"2021-02-10T14:44:42","slug":"meliarewards","status":"publish","type":"page","link":"https:\/\/madeira-melia-stg.shareit.pt\/de\/meliarewards\/","title":{"rendered":"Meli\u00e1Rewards"},"content":{"rendered":"<div id=\"pl-18867\"  class=\"panel-layout\" ><div id=\"pg-18867-0\"  class=\"panel-grid panel-no-style\" ><div id=\"pgc-18867-0-0\"  class=\"panel-grid-cell\" ><div id=\"panel-18867-0-0-0\" class=\"so-panel widget widget_empty-space panel-first-child panel-last-child\" data-index=\"0\" ><div class=\"mobile-extra-space panel-widget-style panel-widget-style-for-18867-0-0-0\" ><div class=\"thim-widget-empty-space thim-widget-empty-space-base\"><div class=\"empty_space\" style=\"height:60px\"><\/div><\/div><\/div><\/div><\/div><\/div><div id=\"pg-18867-1\"  class=\"panel-grid panel-no-style\" ><div id=\"pgc-18867-1-0\"  class=\"panel-grid-cell\" ><div id=\"panel-18867-1-0-0\" class=\"so-panel widget widget_empty-space panel-first-child\" data-index=\"1\" ><div class=\"thim-widget-empty-space thim-widget-empty-space-base\"><div class=\"empty_space\" style=\"height:30px\"><\/div><\/div><\/div><div id=\"panel-18867-1-0-1\" class=\"so-panel widget widget_icon-box panel-last-child\" data-index=\"2\" ><div class=\"thim-widget-icon-box thim-widget-icon-box-base\"><div class=\"inner-box \"><div  class=\"wrapper-box-icon text-left  \" ><div class=\"smicon-box iconbox-top\" data-fancybox-group=\"\"><div class=\"content-inner\" ><div class=\"si-background\"><\/div><div class=\"sc-heading article_heading\"><h3 class = \"heading__primary\" >Dazugeh\u00f6ren hei\u00dft, doppelt zu genie\u00dfen<\/h3><\/div><a class=\"smicon-read sc-btn si-btn-todo\" data-fancybox-group=\"\">Sehen Mehr<\/a><div class=\"desc-icon-box\"><div  class=\"modal\"><span>Willkommen bei Meli\u00e1Rewards, dem Treueprogramm von Meli\u00e1 Hotels International, mit dem Sie exklusive Vorteile, Upgrades und Nachl\u00e4sse f\u00fcr Ihre pers\u00f6nlichen Aufenthalte in den mehr als 380 Hotels aller Marken der Gruppe Meli\u00e1 genie\u00dfen werden: Gran Meli\u00e1, ME, Paradisus, Meli\u00e1 Hotels &#38; Resorts, Innside, Tryp und Sol.<\/span><\/div><\/div><\/div><\/div><!--end smicon-box--><\/div><\/div><\/div><\/div><\/div><div id=\"pgc-18867-1-1\"  class=\"panel-grid-cell\" ><div id=\"panel-18867-1-1-0\" class=\"so-panel widget widget_gallery-images panel-first-child panel-last-child\" data-index=\"3\" ><div class=\"thim-widget-gallery-images thim-widget-gallery-images-base\"><div class=\"thim-gallery-images gallery-img \"><div class=\"item\"><img src =\"https:\/\/madeira-melia-stg.shareit.pt\/wp-content\/uploads\/sites\/15\/2020\/08\/Rewards.png\" width=\"508\" height=\"209\" alt= \"Meli\u00e1Rewards\" \/><\/div><\/div><\/div><\/div><\/div><\/div><div id=\"pg-18867-2\"  class=\"panel-grid panel-no-style\" ><div id=\"pgc-18867-2-0\"  class=\"panel-grid-cell\" ><div id=\"panel-18867-2-0-0\" class=\"so-panel widget widget_empty-space panel-first-child\" data-index=\"4\" ><div class=\"mobile-extra-space panel-widget-style panel-widget-style-for-18867-2-0-0\" ><div class=\"thim-widget-empty-space thim-widget-empty-space-base\"><div class=\"empty_space\" style=\"height:60px\"><\/div><\/div><\/div><\/div><div id=\"panel-18867-2-0-1\" class=\"so-panel widget widget_empty-space panel-last-child\" data-index=\"5\" ><div class=\"mobile-extra-space panel-widget-style panel-widget-style-for-18867-2-0-1\" ><div class=\"thim-widget-empty-space thim-widget-empty-space-base\"><div class=\"empty_space\" style=\"height:60px\"><\/div><\/div><\/div><\/div><\/div><\/div><div id=\"pg-18867-3\"  class=\"panel-grid panel-no-style\" ><div id=\"pgc-18867-3-0\"  class=\"panel-grid-cell\" ><div id=\"panel-18867-3-0-0\" class=\"so-panel widget widget_icon-box panel-first-child panel-last-child\" data-index=\"6\" ><div class=\"si-mm-center panel-widget-style panel-widget-style-for-18867-3-0-0\" ><div class=\"thim-widget-icon-box thim-widget-icon-box-base\"><div class=\"inner-box \"><div  class=\"wrapper-box-icon text-center  \" ><div class=\"smicon-box iconbox-top\" data-fancybox-group=\"\"><div class=\"content-inner\" ><div class=\"si-background\"><\/div><div class=\"sc-heading article_heading\"><h3 class = \"heading__primary\" >Dazugeh\u00f6ren hei\u00dft, mehr M\u00f6glichkeiten zu haben<\/h3><\/div><a class=\"smicon-read sc-btn si-btn-todo\" data-fancybox-group=\"\">Sehen Mehr<\/a><\/div><\/div><!--end smicon-box--><\/div><\/div><\/div><\/div><\/div><\/div><\/div><div id=\"pg-18867-4\"  class=\"panel-grid panel-no-style\" ><div id=\"pgc-18867-4-0\"  class=\"panel-grid-cell\" ><div id=\"panel-18867-4-0-0\" class=\"so-panel widget widget_gallery-images panel-first-child\" data-index=\"7\" ><div class=\"thim-widget-gallery-images thim-widget-gallery-images-base\"><div class=\"thim-gallery-images gallery-img \"><div class=\"item\"><img src =\"https:\/\/madeira-melia-stg.shareit.pt\/wp-content\/uploads\/sites\/15\/2020\/08\/MAIS-VALOR.png\" width=\"200\" height=\"200\" alt= \"Meli\u00e1Rewards\" \/><\/div><\/div><\/div><\/div><div id=\"panel-18867-4-0-1\" class=\"so-panel widget widget_empty-space\" data-index=\"8\" ><div class=\"thim-widget-empty-space thim-widget-empty-space-base\"><div class=\"empty_space\" style=\"height:30px\"><\/div><\/div><\/div><div id=\"panel-18867-4-0-2\" class=\"so-panel widget widget_icon-box\" data-index=\"9\" ><div class=\"thim-widget-icon-box thim-widget-icon-box-base\"><div class=\"inner-box \"><div  class=\"wrapper-box-icon text-left  \" ><div class=\"smicon-box iconbox-top\" data-fancybox-group=\"\"><div class=\"content-inner\" ><div class=\"si-background\"><\/div><div class=\"sc-heading article_heading\"><h4 class = \"heading__primary\" >MEHR WERT<\/h4><\/div><a class=\"smicon-read sc-btn si-btn-todo\" data-fancybox-group=\"\">Sehen Mehr<\/a><div class=\"desc-icon-box\"><div  class=\"modal\"><span> <br \/>Punkte, \u00dcberraschungen, Rabatte... mit Meli\u00e1Rewards genie\u00dfen Sie exklusive Vorteile, die Ihnen helfen werden, Ihren Aufenthalt noch besser zu gestalten..<\/span><\/div><\/div><\/div><\/div><!--end smicon-box--><\/div><\/div><\/div><\/div><div id=\"panel-18867-4-0-3\" class=\"so-panel widget widget_empty-space panel-last-child\" data-index=\"10\" ><div class=\"thim-widget-empty-space thim-widget-empty-space-base\"><div class=\"empty_space\" style=\"height:30px\"><\/div><\/div><\/div><\/div><div id=\"pgc-18867-4-1\"  class=\"panel-grid-cell\" ><div id=\"panel-18867-4-1-0\" class=\"so-panel widget widget_gallery-images panel-first-child\" data-index=\"11\" ><div class=\"thim-widget-gallery-images thim-widget-gallery-images-base\"><div class=\"thim-gallery-images gallery-img \"><div class=\"item\"><img src =\"https:\/\/madeira-melia-stg.shareit.pt\/wp-content\/uploads\/sites\/15\/2020\/08\/MAIS-POSSIBILIDADES.png\" width=\"200\" height=\"201\" alt= \"Meli\u00e1Rewards\" \/><\/div><\/div><\/div><\/div><div id=\"panel-18867-4-1-1\" class=\"so-panel widget widget_empty-space\" data-index=\"12\" ><div class=\"thim-widget-empty-space thim-widget-empty-space-base\"><div class=\"empty_space\" style=\"height:30px\"><\/div><\/div><\/div><div id=\"panel-18867-4-1-2\" class=\"so-panel widget widget_icon-box\" data-index=\"13\" ><div class=\"thim-widget-icon-box thim-widget-icon-box-base\"><div class=\"inner-box \"><div  class=\"wrapper-box-icon text-left  \" ><div class=\"smicon-box iconbox-top\" data-fancybox-group=\"\"><div class=\"content-inner\" ><div class=\"si-background\"><\/div><div class=\"sc-heading article_heading\"><h4 class = \"heading__primary\" >MEHR M\u00d6GLICHKEITEN<\/h4><\/div><a class=\"smicon-read sc-btn si-btn-todo\" data-fancybox-group=\"\">Sehen Mehr<\/a><div class=\"desc-icon-box\"><div  class=\"modal\"><span> <br \/>Nutzen Sie Ihre Punkte flexibel: bei Aufenthalten und Dienstleistungen in unseren Hotels und auch bei unseren Partnerunternehmen.<\/span><\/div><\/div><\/div><\/div><!--end smicon-box--><\/div><\/div><\/div><\/div><div id=\"panel-18867-4-1-3\" class=\"so-panel widget widget_empty-space panel-last-child\" data-index=\"14\" ><div class=\"thim-widget-empty-space thim-widget-empty-space-base\"><div class=\"empty_space\" style=\"height:30px\"><\/div><\/div><\/div><\/div><div id=\"pgc-18867-4-2\"  class=\"panel-grid-cell\" ><div id=\"panel-18867-4-2-0\" class=\"so-panel widget widget_gallery-images panel-first-child\" data-index=\"15\" ><div class=\"thim-widget-gallery-images thim-widget-gallery-images-base\"><div class=\"thim-gallery-images gallery-img \"><div class=\"item\"><img src =\"https:\/\/madeira-melia-stg.shareit.pt\/wp-content\/uploads\/sites\/15\/2020\/08\/MAIS-TEMPO.png\" width=\"200\" height=\"200\" alt= \"Meli\u00e1Rewards\" \/><\/div><\/div><\/div><\/div><div id=\"panel-18867-4-2-1\" class=\"so-panel widget widget_empty-space\" data-index=\"16\" ><div class=\"thim-widget-empty-space thim-widget-empty-space-base\"><div class=\"empty_space\" style=\"height:30px\"><\/div><\/div><\/div><div id=\"panel-18867-4-2-2\" class=\"so-panel widget widget_icon-box\" data-index=\"17\" ><div class=\"thim-widget-icon-box thim-widget-icon-box-base\"><div class=\"inner-box \"><div  class=\"wrapper-box-icon text-left  \" ><div class=\"smicon-box iconbox-top\" data-fancybox-group=\"\"><div class=\"content-inner\" ><div class=\"si-background\"><\/div><div class=\"sc-heading article_heading\"><h4 class = \"heading__primary\" >MEHR ZEIT<\/h4><\/div><a class=\"smicon-read sc-btn si-btn-todo\" data-fancybox-group=\"\">Sehen Mehr<\/a><div class=\"desc-icon-box\"><div  class=\"modal\"><span> <br \/>Sie sind immer unsere Priorit\u00e4t: Online Check-In, Priority-Zugang bei Ankunft im Hotel, Late Check-Out... mit Meli\u00e1Rewards, haben Sie mehr Zeit f\u00fcr das, was wichtig ist.<\/span><\/div><\/div><\/div><\/div><!--end smicon-box--><\/div><\/div><\/div><\/div><div id=\"panel-18867-4-2-3\" class=\"so-panel widget widget_empty-space panel-last-child\" data-index=\"18\" ><div class=\"thim-widget-empty-space thim-widget-empty-space-base\"><div class=\"empty_space\" style=\"height:30px\"><\/div><\/div><\/div><\/div><\/div><div id=\"pg-18867-5\"  class=\"panel-grid panel-no-style\" ><div id=\"pgc-18867-5-0\"  class=\"panel-grid-cell\" ><div id=\"panel-18867-5-0-0\" class=\"so-panel widget widget_empty-space panel-first-child\" data-index=\"19\" ><div class=\"thim-widget-empty-space thim-widget-empty-space-base\"><div class=\"empty_space\" style=\"height:30px\"><\/div><\/div><\/div><div id=\"panel-18867-5-0-1\" class=\"so-panel widget widget_icon-box\" data-index=\"20\" ><div class=\"si-mm-center panel-widget-style panel-widget-style-for-18867-5-0-1\" ><div class=\"thim-widget-icon-box thim-widget-icon-box-base\"><div class=\"inner-box \"><div  class=\"wrapper-box-icon text-center  \" ><div class=\"smicon-box iconbox-top\" data-fancybox-group=\"\"><div class=\"content-inner\" ><div class=\"si-background\"><\/div><div class=\"sc-heading article_heading\"><h3 class = \"heading__primary\" >Dazugeh\u00f6ren hei\u00dft zu wissen, dass es immer besser wird<\/h3><\/div><a class=\"smicon-read sc-btn si-btn-todo\" data-fancybox-group=\"\">Sehen Mehr<\/a><div class=\"desc-icon-box\"><div  class=\"modal\"><span>Meli\u00e1Rewards setzt sich aus vier Grundstufen zusammen, deren Vorteile sich stufenweise vermehren: White, Silver, Gold und Platinum.<\/span><\/div><\/div><\/div><\/div><!--end smicon-box--><\/div><\/div><\/div><\/div><\/div><div id=\"panel-18867-5-0-2\" class=\"so-panel widget widget_empty-space\" data-index=\"21\" ><div class=\"thim-widget-empty-space thim-widget-empty-space-base\"><div class=\"empty_space\" style=\"height:30px\"><\/div><\/div><\/div><div id=\"panel-18867-5-0-3\" class=\"so-panel widget widget_gallery-images\" data-index=\"22\" ><div class=\"thim-widget-gallery-images thim-widget-gallery-images-base\"><div class=\"thim-gallery-images gallery-img \"><div class=\"item\"><img src =\"https:\/\/madeira-melia-stg.shareit.pt\/wp-content\/uploads\/sites\/15\/2020\/08\/MRewardsDEE.jpg\" width=\"1023\" height=\"488\" alt= \"Meli\u00e1Rewards\" \/><\/div><\/div><\/div><\/div><div id=\"panel-18867-5-0-4\" class=\"so-panel widget widget_gallery-images panel-last-child\" data-index=\"23\" ><div class=\"thim-widget-gallery-images thim-widget-gallery-images-base\"><div class=\"thim-gallery-images gallery-img \"><div class=\"item\"><img src =\"https:\/\/madeira-melia-stg.shareit.pt\/wp-content\/uploads\/sites\/15\/2020\/08\/MRewardsDE.jpg\" width=\"848\" height=\"245\" alt= \"Meli\u00e1Rewards\" \/><\/div><\/div><\/div><\/div><\/div><\/div><div id=\"pg-18867-6\"  class=\"panel-grid panel-no-style\" ><div id=\"pgc-18867-6-0\"  class=\"panel-grid-cell\" ><div id=\"panel-18867-6-0-0\" class=\"so-panel widget widget_empty-space panel-first-child\" data-index=\"24\" ><div class=\"thim-widget-empty-space thim-widget-empty-space-base\"><div class=\"empty_space\" style=\"height:30px\"><\/div><\/div><\/div><div id=\"panel-18867-6-0-1\" class=\"so-panel widget widget_sow-button\" data-index=\"25\" ><div class=\"blue-btn panel-widget-style panel-widget-style-for-18867-6-0-1\" ><div\n\t\t\t\n\t\t\tclass=\"so-widget-sow-button so-widget-sow-button-atom-eaa51a902caf-18867\"\n\t\t\t\n\t\t><div class=\"ow-button-base ow-button-align-center\">\n\t<a href=\"https:\/\/www.melia.com\/de\/meliarewards\/elprograma\/home.htm#registro\" class=\"ow-icon-placement-left ow-button-hover\" target=\"_blank\" rel=\"noopener noreferrer\" \t\t>\n\t\t<span>\n\t\t\t\n\t\t\tREGISTRIEREN SIE SICH\t\t<\/span>\n\t<\/a>\n<\/div>\n<\/div><\/div><\/div><div id=\"panel-18867-6-0-2\" class=\"so-panel widget widget_empty-space panel-last-child\" data-index=\"26\" ><div class=\"thim-widget-empty-space thim-widget-empty-space-base\"><div class=\"empty_space\" style=\"height:30px\"><\/div><\/div><\/div><\/div><\/div><\/div>","protected":false},"excerpt":{"rendered":"<p>Dazugeh\u00f6ren hei\u00dft, doppelt zu genie\u00dfenSehen MehrWillkommen bei Meli\u00e1Rewards, dem Treueprogramm von Meli\u00e1 Hotels International, mit dem Sie exklusive Vorteile, Upgrades <\/p>\n","protected":false},"author":3,"featured_media":0,"parent":0,"menu_order":0,"comment_status":"closed","ping_status":"closed","template":"","meta":{"_acf_changed":false,"footnotes":"","_expiration-date-status":"saved","_expiration-date":0,"_expiration-date-type":"","_expiration-date-categories":[],"_expiration-date-options":[]},"class_list":["post-18867","page","type-page","status-publish","hentry"],"acf":[],"_links":{"self":[{"href":"https:\/\/madeira-melia-stg.shareit.pt\/de\/wp-json\/wp\/v2\/pages\/18867","targetHints":{"allow":["GET"]}}],"collection":[{"href":"https:\/\/madeira-melia-stg.shareit.pt\/de\/wp-json\/wp\/v2\/pages"}],"about":[{"href":"https:\/\/madeira-melia-stg.shareit.pt\/de\/wp-json\/wp\/v2\/types\/page"}],"author":[{"embeddable":true,"href":"https:\/\/madeira-melia-stg.shareit.pt\/de\/wp-json\/wp\/v2\/users\/3"}],"replies":[{"embeddable":true,"href":"https:\/\/madeira-melia-stg.shareit.pt\/de\/wp-json\/wp\/v2\/comments?post=18867"}],"version-history":[{"count":10,"href":"https:\/\/madeira-melia-stg.shareit.pt\/de\/wp-json\/wp\/v2\/pages\/18867\/revisions"}],"predecessor-version":[{"id":22874,"href":"https:\/\/madeira-melia-stg.shareit.pt\/de\/wp-json\/wp\/v2\/pages\/18867\/revisions\/22874"}],"wp:attachment":[{"href":"https:\/\/madeira-melia-stg.shareit.pt\/de\/wp-json\/wp\/v2\/media?parent=18867"}],"curies":[{"name":"wp","href":"https:\/\/api.w.org\/{rel}","templated":true}]}}