{"id":7794,"date":"2017-09-27T09:28:36","date_gmt":"2017-09-27T09:28:36","guid":{"rendered":"http:\/\/madeiramare.trypportoexpo.com\/terms-of-use-2\/"},"modified":"2018-06-18T08:59:56","modified_gmt":"2018-06-18T08:59:56","slug":"nutzungsbedingun","status":"publish","type":"page","link":"https:\/\/madeira-melia-stg.shareit.pt\/de\/nutzungsbedingun\/","title":{"rendered":"Nutzungsbedingun"},"content":{"rendered":"<div id=\"pl-7794\"  class=\"panel-layout\" ><div id=\"pg-7794-0\"  class=\"panel-grid panel-no-style\" ><div id=\"pgc-7794-0-0\"  class=\"panel-grid-cell\" ><div id=\"panel-7794-0-0-0\" class=\"so-panel widget widget_sow-editor panel-first-child panel-last-child\" data-index=\"0\" ><div\n\t\t\t\n\t\t\tclass=\"so-widget-sow-editor so-widget-sow-editor-base\"\n\t\t\t\n\t\t>\n<div class=\"siteorigin-widget-tinymce textwidget\">\n\t<h1 class=\"h1\"><span style=\"font-size: 12pt;\">GESCH\u00c4FTSBEDINGUNGEN<\/span><\/h1>\n<h2 class=\"h2\"><span style=\"font-size: 12pt;\">A) BEDINGUNGEN F\u00dcR DIE NUTZUNG DER WEBSITE<\/span><\/h2>\n<h2 class=\"h2\"><span style=\"font-size: 12pt;\">1. Eigentum und Zweck<\/span><\/h2>\n<p><span style=\"font-size: 12pt;\">Die Site www.meliamadeira.com.pt ist Eigentum der Madhotel Empreendimentos Tur\u00edsticos, S.A., nachstehend bezeichnet als Melia Madeira Mare, Firmennummer 511 026 595, mit Sitz in der Rua Leichlingen, 2-4, 9000-003 Funchal und bezweckt die Nutzung durch Kunden und Interessierte an den Leistungen des Unternehmens<\/span><\/p>\n<h2 class=\"h2\"><span style=\"font-size: 12pt;\">2. Nutzung<\/span><\/h2>\n<p><span style=\"font-size: 12pt;\">Die Site wird kostenfrei zur Verf\u00fcgung gestellt um Buchungen oder irgendeine andere Vertragsart mit dem Melia Madeira Mare durchzuf\u00fchren, im Folgenden lediglich Hotel genannt.<\/span><\/p>\n<p><span style=\"font-size: 12pt;\">Die Nutzung der Site erfordert vom Nutzer sowohl die Annahme der vorliegenden Bedingungen, als auch die Verpflichtung, keinerlei Software oder Anwendung zu verwenden, die den normalen Betrieb der Site st\u00f6rt.<\/span><\/p>\n<h2 class=\"h2\"><span style=\"font-size: 12pt;\">3. Inhalte und Verf\u00fcgbarkeit<\/span><\/h2>\n<p><span style=\"font-size: 12pt;\">Alle Seiteninhalte und zur Verf\u00fcgung gestellten Informationen sind Eigentum der Hotti-Hotels, von anderen Unternehmen, die in der Wirtschaftsgruppe dieser integriert sind oder der in der Kette integrierten Hotels mit Management Intervention der Hotti-Hotels, so dass ohne schriftliche Genehmigung dieser, jegliche Reproduktion, \u00c4nderung oder Nutzung jedweden Seiteninhalts zu kommerziellen Zwecken nicht erlaubt ist.<\/span><\/p>\n<p><span style=\"font-size: 12pt;\">Hotti-Hotels gew\u00e4hrleistet nicht, dass der Zugang zur Site ohne Unterbrechungen oder Fehler aufgrund von Kommunikationsproblemen, Wartungsarbeiten oder Funktionsst\u00f6rungen, die nicht ausreichend kontrolliert oder vermieden werden k\u00f6nnen oder die unwissentlich vorgekommen sind, von statten geht.<\/span><\/p>\n<p><span style=\"font-size: 12pt;\">Hotti-Hotels beh\u00e4lt sich das Recht vor, \u00c4nderungen ohne Vorank\u00fcndigung bei jedem Teil der Seite vorzunehmen, wobei sich der entsprechende Nutzer \u00fcber die g\u00fcltigen Nutzungsbedingungen in jedem Augenblick Kenntnis verschaffen muss.<\/span><\/p>\n<h2 class=\"h2\"><span style=\"font-size: 12pt;\">4. Links und Informationen von fremden Websites<\/span><\/h2>\n<p><span style=\"font-size: 12pt;\">Die Site erm\u00f6glicht den Zugriff auf andere Websites, die au\u00dferhalb der Kontrolle des Hotels liegen. Wenn der Nutzer auf andere Sites \u00fcber die zur Verf\u00fcgung gestellten Links zugreift, muss er sich von den besonderen Nutzungsbedingungen der entsprechenden Betreiber Kenntnis verschaffen.<\/span><\/p>\n<p><span style=\"font-size: 12pt;\">Um den Nutzer \u00fcber den Standort des Hotels zu informieren, zeigt die Site au\u00dferdem \u00f6ffentliche Informationen, die von Websites stammen, die au\u00dferhalb der Kontrolle des Unternehmens liegen. Das Hotel haftet nicht f\u00fcr die Genauigkeit der ver\u00f6ffentlichten Inhalte und der Links und kann f\u00fcr eventuelle Fehler, die solche Informationen beinhalten k\u00f6nnen oder f\u00fcr eine fehlende Aktualisierung dieser nicht zur Verantwortung gezogen werden. Wenn der Nutzer die Genauigkeit der Informationen dieser Websites \u00fcberpr\u00fcfen will, muss er sich direkt bei diesen Sites Zugang verschaffen.<\/span><\/p>\n<h2 class=\"h2\"><span style=\"font-size: 12pt;\">B) Datenschutz<\/span><\/h2>\n<p><span style=\"font-size: 12pt;\">Mit der Entwicklung und der Nutzungserlaubnis der Hotel-Website beabsichtigt Madhotel Empreendimentos Tur\u00edsticos, S.A ihren Kunden und Site-Besuchern einen Qualit\u00e4tsservice zu gew\u00e4hrleisten. Angesichts der Funktionsweise dieser Website mit Weiterleitung der Buchungen an das Buchungssystem des eigentlichen Hotels, werden keinerlei Informationen des Nutzers erfasst, au\u00dfer denen, die sich aus technischen Gr\u00fcnden, darauf beziehen, die Nutzung der Site zu erleichtern, wie nachfolgend beschrieben wird.<\/span><\/p>\n<h2 class=\"h2\"><span style=\"font-size: 12pt;\">5. Cookies<\/span><\/h2>\n<p><span style=\"font-size: 12pt;\">Bei Nutzung der Website werden auf der Festplatte Ihres Computers kleine Textdateien erstellt und gespeichert, die einen leichteren und schnelleren Zugang erm\u00f6glichen. Die mit diesen Dateien erfassten Informationen haben ausschlie\u00dflich jenen Zweck und werden nicht an dem Hotel fremde Einrichtungen weiter gegeben.<\/span><\/p>\n<p><span style=\"font-size: 12pt;\">Sie k\u00f6nnen den Browser Ihres Computers so konfigurieren, dass diese Cookies blockiert werden, jedoch kann dies die Nutzung der Website erschweren.<\/span><\/p>\n<h2 class=\"h2\"><span style=\"font-size: 12pt;\">C) Gerichtsstand<\/span><\/h2>\n<p><span style=\"font-size: 12pt;\"> Sowohl die Erfassung und Verwaltung von Daten mittels der Website, als auch die Bedingungen der entsprechenden Nutzung, werden nach der portugiesischen Rechtsprechung geregelt und interpretiert. Beide Parteien vereinbaren, im alleinigen Interesse des Hotels, ausschlie\u00dflich als zust\u00e4ndiges Gericht das Bezirksgericht Funchal zu w\u00e4hlen, das jeden Prozess, Aktion oder gerichtliche Ma\u00dfnahme, die sich ergibt oder durch die Nutzung der Website auftritt, urteilt und entscheidet.<\/span><\/p>\n<p>\u00a0<\/p>\n<\/div>\n<\/div><\/div><\/div><\/div><\/div>","protected":false},"excerpt":{"rendered":"<p>GESCH\u00c4FTSBEDINGUNGEN A) BEDINGUNGEN F\u00dcR DIE NUTZUNG DER WEBSITE 1. Eigentum und Zweck Die Site www.meliamadeira.com.pt ist Eigentum der Madhotel Empreendimentos [&hellip;]<\/p>\n","protected":false},"author":3,"featured_media":0,"parent":0,"menu_order":32,"comment_status":"closed","ping_status":"closed","template":"","meta":{"_acf_changed":false,"footnotes":"","_expiration-date-status":"saved","_expiration-date":0,"_expiration-date-type":"","_expiration-date-categories":[],"_expiration-date-options":[]},"class_list":["post-7794","page","type-page","status-publish","hentry"],"acf":[],"_links":{"self":[{"href":"https:\/\/madeira-melia-stg.shareit.pt\/de\/wp-json\/wp\/v2\/pages\/7794","targetHints":{"allow":["GET"]}}],"collection":[{"href":"https:\/\/madeira-melia-stg.shareit.pt\/de\/wp-json\/wp\/v2\/pages"}],"about":[{"href":"https:\/\/madeira-melia-stg.shareit.pt\/de\/wp-json\/wp\/v2\/types\/page"}],"author":[{"embeddable":true,"href":"https:\/\/madeira-melia-stg.shareit.pt\/de\/wp-json\/wp\/v2\/users\/3"}],"replies":[{"embeddable":true,"href":"https:\/\/madeira-melia-stg.shareit.pt\/de\/wp-json\/wp\/v2\/comments?post=7794"}],"version-history":[{"count":3,"href":"https:\/\/madeira-melia-stg.shareit.pt\/de\/wp-json\/wp\/v2\/pages\/7794\/revisions"}],"predecessor-version":[{"id":11637,"href":"https:\/\/madeira-melia-stg.shareit.pt\/de\/wp-json\/wp\/v2\/pages\/7794\/revisions\/11637"}],"wp:attachment":[{"href":"https:\/\/madeira-melia-stg.shareit.pt\/de\/wp-json\/wp\/v2\/media?parent=7794"}],"curies":[{"name":"wp","href":"https:\/\/api.w.org\/{rel}","templated":true}]}}