{"id":7809,"date":"2017-08-28T16:31:11","date_gmt":"2017-08-28T16:31:11","guid":{"rendered":"http:\/\/madeiramare.trypportoexpo.com\/meetings\/"},"modified":"2022-11-24T09:40:54","modified_gmt":"2022-11-24T09:40:54","slug":"veranstaltungen","status":"publish","type":"page","link":"https:\/\/madeira-melia-stg.shareit.pt\/de\/veranstaltungen\/","title":{"rendered":"Veranstaltungen"},"content":{"rendered":"<div id=\"pl-7809\"  class=\"panel-layout\" ><div id=\"pg-7809-0\"  class=\"panel-grid panel-no-style\" ><div id=\"pgc-7809-0-0\"  class=\"panel-grid-cell\" ><div id=\"panel-7809-0-0-0\" class=\"so-panel widget widget_empty-space panel-first-child panel-last-child\" data-index=\"0\" ><div class=\"mobile-extra-space panel-widget-style panel-widget-style-for-7809-0-0-0\" ><div class=\"thim-widget-empty-space thim-widget-empty-space-base\"><div class=\"empty_space\" style=\"height:60px\"><\/div><\/div><\/div><\/div><\/div><\/div><div id=\"pg-7809-1\"  class=\"panel-grid panel-no-style\" ><div id=\"pgc-7809-1-0\"  class=\"panel-grid-cell\" ><div id=\"panel-7809-1-0-0\" class=\"so-panel widget widget_empty-space panel-first-child\" data-index=\"1\" ><div class=\"mobile-extra-space panel-widget-style panel-widget-style-for-7809-1-0-0\" ><div class=\"thim-widget-empty-space thim-widget-empty-space-base\"><div class=\"empty_space\" style=\"height:60px\"><\/div><\/div><\/div><\/div><div id=\"panel-7809-1-0-1\" class=\"so-panel widget widget_icon-box panel-last-child\" data-index=\"2\" ><div class=\"thim-widget-icon-box thim-widget-icon-box-base\"><div class=\"inner-box \"><div  class=\"wrapper-box-icon text-left  \" ><div class=\"smicon-box iconbox-top\" data-fancybox-group=\"\"><div class=\"content-inner\" ><div class=\"si-background\"><\/div><div class=\"sc-heading article_heading\"><h3 class = \"heading__primary\" >S\u00e4le und bereiche  f\u00fcr veranstaltungen und meetings<\/h3><\/div><a class=\"smicon-read sc-btn si-btn-todo\" data-fancybox-group=\"\">Sehen Mehr<\/a><div class=\"desc-icon-box\"><div  class=\"modal\"><span>Das Hotel bietet 6 Konferenzr\u00e4ume in einem speziellen Kongress- und Veranstaltungsbereich mit insgesamt 750 m2, 1 Ball Room mit einer Kapazit\u00e4t von bis zu 400 Personen und einer B\u00fchne, 5 Mehrzweck-Konferenzr\u00e4ume neben einem Foyer und einem Gesch\u00e4ftszentrum. Alle Zimmer sind mit WI-FI Internetzugang ausgestattet. Vermietung aller audiovisuellen Ger\u00e4te. Organisation von Banketten, Hochzeitsfeiern, Gala-Dinners, Cocktails, Pressekonferenzen und Arbeitsessen.<br \/><br \/>Alle Besprechungsr\u00e4ume sind mit Internet WIFI ausgestattet und  bieten:<br \/>Mietservice von audiovisuellem Material. Organisation von Banketten, Hochzeitsfesten, Galadiners, Cocktails, Gruppen- und Gesch\u00e4ftsessen.<\/span><\/div><\/div><\/div><\/div><!--end smicon-box--><\/div><\/div><\/div><\/div><\/div><div id=\"pgc-7809-1-1\"  class=\"panel-grid-cell\" ><div id=\"panel-7809-1-1-0\" class=\"so-panel widget widget_empty-space panel-first-child\" data-index=\"3\" ><div class=\"mobile-extra-space panel-widget-style panel-widget-style-for-7809-1-1-0\" ><div class=\"thim-widget-empty-space thim-widget-empty-space-base\"><div class=\"empty_space\" style=\"height:60px\"><\/div><\/div><\/div><\/div><div id=\"panel-7809-1-1-1\" class=\"so-panel widget widget_gallery-images panel-last-child\" data-index=\"4\" ><div class=\"thim-widget-gallery-images thim-widget-gallery-images-base\"><div class=\"thim-gallery-images gallery-img si-first-image\"><div class=\"item\"><img src =\"https:\/\/madeira-melia-stg.shareit.pt\/wp-content\/uploads\/sites\/15\/2017\/08\/3_EventsMeetings2.jpg\" width=\"490\" height=\"490\" alt= \"Veranstaltungen\" \/><\/div><\/div><\/div><\/div><\/div><\/div><div id=\"pg-7809-2\"  class=\"panel-grid panel-no-style\" ><div id=\"pgc-7809-2-0\"  class=\"panel-grid-cell\" ><div id=\"panel-7809-2-0-0\" class=\"so-panel widget widget_empty-space panel-first-child panel-last-child\" data-index=\"5\" ><div class=\"thim-widget-empty-space thim-widget-empty-space-base\"><div class=\"empty_space\" style=\"height:60px\"><\/div><\/div><\/div><\/div><\/div><div id=\"pg-7809-3\"  class=\"panel-grid panel-no-style\" ><div id=\"pgc-7809-3-0\"  class=\"panel-grid-cell\" ><div id=\"panel-7809-3-0-0\" class=\"so-panel widget widget_sow-editor panel-first-child\" data-index=\"6\" ><div class=\"si-meetings-table panel-widget-style panel-widget-style-for-7809-3-0-0\" ><div\n\t\t\t\n\t\t\tclass=\"so-widget-sow-editor so-widget-sow-editor-base\"\n\t\t\t\n\t\t>\n<div class=\"siteorigin-widget-tinymce textwidget\">\n\t<table width=\"100%\">\n<thead>\n<tr>\n<th>Zimmer<\/th>\n<th style=\"text-align: center;\">Bereich<\/th>\n<th style=\"text-align: center;\">H\u00f6he<\/th>\n<th style=\"text-align: center;\">Ma\u00dfe<\/th>\n<th style=\"text-align: center;\">\"U\"<\/th>\n<th style=\"text-align: center;\">Cocktail<\/th>\n<th style=\"text-align: center;\">Bankett<\/th>\n<th style=\"text-align: center;\">Publikum<\/th>\n<th style=\"text-align: center;\">Schule<\/th>\n<\/tr>\n<\/thead>\n<tbody>\n<tr>\n<td>Funchal I<\/td>\n<td style=\"text-align: center;\">20<\/td>\n<td style=\"text-align: center;\">2.5<\/td>\n<td style=\"text-align: center;\">5.6 x 3.6<\/td>\n<td style=\"text-align: center;\">8<\/td>\n<td style=\"text-align: center;\">-<\/td>\n<td style=\"text-align: center;\">-<\/td>\n<td style=\"text-align: center;\">-<\/td>\n<td style=\"text-align: center;\">-<\/td>\n<\/tr>\n<tr>\n<td>Funchal II<\/td>\n<td style=\"text-align: center;\">38<\/td>\n<td style=\"text-align: center;\">2.5<\/td>\n<td style=\"text-align: center;\">7.8 x 4.9<\/td>\n<td style=\"text-align: center;\">20<\/td>\n<td style=\"text-align: center;\">-<\/td>\n<td style=\"text-align: center;\">-<\/td>\n<td style=\"text-align: center;\">-<\/td>\n<td style=\"text-align: center;\">-<\/td>\n<\/tr>\n<tr>\n<td>Funchal III<\/td>\n<td style=\"text-align: center;\">62<\/td>\n<td style=\"text-align: center;\">2.5<\/td>\n<td style=\"text-align: center;\">7.3 x 8.5<\/td>\n<td style=\"text-align: center;\">22<\/td>\n<td style=\"text-align: center;\">50<\/td>\n<td style=\"text-align: center;\">30<\/td>\n<td style=\"text-align: center;\">40<\/td>\n<td style=\"text-align: center;\">35<\/td>\n<\/tr>\n<tr>\n<td>Funchal IV<\/td>\n<td style=\"text-align: center;\">49<\/td>\n<td style=\"text-align: center;\">2.5<\/td>\n<td style=\"text-align: center;\">5.8 x 8.5<\/td>\n<td style=\"text-align: center;\">15<\/td>\n<td style=\"text-align: center;\">30<\/td>\n<td style=\"text-align: center;\">20<\/td>\n<td style=\"text-align: center;\">30<\/td>\n<td style=\"text-align: center;\">24<\/td>\n<\/tr>\n<tr>\n<td>Funchal V<\/td>\n<td style=\"text-align: center;\">90<\/td>\n<td style=\"text-align: center;\">3.5<\/td>\n<td style=\"text-align: center;\">13.1 x 6.9<\/td>\n<td style=\"text-align: center;\">25<\/td>\n<td style=\"text-align: center;\">60<\/td>\n<td style=\"text-align: center;\">30<\/td>\n<td style=\"text-align: center;\">80<\/td>\n<td style=\"text-align: center;\">40<\/td>\n<\/tr>\n<tr>\n<td>Funchal<br \/> \"500 Anos\"<br \/> Ball Room<\/td>\n<td style=\"text-align: center;\">323<\/td>\n<td style=\"text-align: center;\">4.5<\/td>\n<td style=\"text-align: center;\">17.5 x 8.5<\/td>\n<td style=\"text-align: center;\">80<\/td>\n<td style=\"text-align: center;\">200<\/td>\n<td style=\"text-align: center;\">180<\/td>\n<td style=\"text-align: center;\">400<\/td>\n<td style=\"text-align: center;\">120<\/td>\n<\/tr>\n<tr>\n<td>Foyer Funchal<\/td>\n<td style=\"text-align: center;\">125<\/td>\n<td style=\"text-align: center;\">2.5<\/td>\n<td style=\"text-align: center;\">-<\/td>\n<td style=\"text-align: center;\">-<\/td>\n<td style=\"text-align: center;\">125<\/td>\n<td style=\"text-align: center;\">-<\/td>\n<td style=\"text-align: center;\">-<\/td>\n<td style=\"text-align: center;\">-<\/td>\n<\/tr>\n<\/tbody>\n<\/table>\n<\/div>\n<\/div><\/div><\/div><div id=\"panel-7809-3-0-1\" class=\"so-panel widget widget_sow-editor\" data-index=\"7\" ><div class=\"si-meetings-info panel-widget-style panel-widget-style-for-7809-3-0-1\" ><div\n\t\t\t\n\t\t\tclass=\"so-widget-sow-editor so-widget-sow-editor-base\"\n\t\t\t\n\t\t>\n<div class=\"siteorigin-widget-tinymce textwidget\">\n\t<p>Das Hotel verf\u00fcgt \u00fcber 5 R\u00e4ume f\u00fcr Besprechungen und Incentives mit insgesamt 750 m\u00b2 und einen Ballsaal f\u00fcr 450 Personen.<\/p>\n<\/div>\n<\/div><\/div><\/div><div id=\"panel-7809-3-0-2\" class=\"so-panel widget widget_sow-button panel-last-child\" data-index=\"8\" ><div class=\"blue-btn panel-widget-style panel-widget-style-for-7809-3-0-2\" ><div\n\t\t\t\n\t\t\tclass=\"so-widget-sow-button so-widget-sow-button-atom-eaa51a902caf-7809\"\n\t\t\t\n\t\t><div class=\"ow-button-base ow-button-align-center\">\n\t<a href=\"\/de\/contacts\/\" class=\"ow-icon-placement-left ow-button-hover\" target=\"_blank\" rel=\"noopener noreferrer\" \t\t>\n\t\t<span>\n\t\t\t\n\t\t\tMehr informationen\t\t<\/span>\n\t<\/a>\n<\/div>\n<\/div><\/div><\/div><\/div><\/div><div id=\"pg-7809-4\"  class=\"panel-grid panel-no-style\" ><div id=\"pgc-7809-4-0\"  class=\"panel-grid-cell\" ><div id=\"panel-7809-4-0-0\" class=\"so-panel widget widget_empty-space panel-first-child panel-last-child\" data-index=\"9\" ><div class=\"mobile-spacing panel-widget-style panel-widget-style-for-7809-4-0-0\" ><div class=\"thim-widget-empty-space thim-widget-empty-space-base\"><div class=\"empty_space\" style=\"height:90px\"><\/div><\/div><\/div><\/div><\/div><\/div><div id=\"pg-7809-5\"  class=\"panel-grid panel-no-style\" ><div id=\"pgc-7809-5-0\"  class=\"panel-grid-cell\" ><div id=\"panel-7809-5-0-0\" class=\"so-panel widget widget_rev-slider-widget widget_revslider panel-first-child\" data-index=\"10\" >\n<div id=\"rev_slider_6_1_wrapper\" class=\"rev_slider_wrapper fullwidthbanner-container\" data-source=\"gallery\" style=\"margin:0px auto;background:transparent;padding:0px;margin-top:0px;margin-bottom:0px;\">\n<!-- START REVOLUTION SLIDER 5.4.5.1 auto mode -->\n\t<div id=\"rev_slider_6_1\" class=\"rev_slider fullwidthabanner\" style=\"display:none;\" data-version=\"5.4.5.1\">\n<ul>\t<!-- SLIDE  -->\n\t<li data-index=\"rs-36\" data-transition=\"fade\" data-slotamount=\"default\" data-hideafterloop=\"0\" data-hideslideonmobile=\"off\"  data-easein=\"default\" data-easeout=\"default\" data-masterspeed=\"300\"  data-thumb=\"https:\/\/madeira-melia-stg.shareit.pt\/wp-content\/uploads\/sites\/15\/2017\/12\/Melia-Madeira-42-1-100x50.jpg\"  data-rotate=\"0\"  data-saveperformance=\"off\"  data-title=\"Slide\" data-param1=\"\" data-param2=\"\" data-param3=\"\" data-param4=\"\" data-param5=\"\" data-param6=\"\" data-param7=\"\" data-param8=\"\" data-param9=\"\" data-param10=\"\" data-description=\"\">\n\t\t<!-- MAIN IMAGE -->\n\t\t<img decoding=\"async\" src=\"https:\/\/madeira-melia-stg.shareit.pt\/wp-content\/uploads\/sites\/15\/2017\/12\/Melia-Madeira-42-1.jpg\"  alt=\"\" title=\"Melia Madeira-42\"  width=\"4171\" height=\"2627\" data-bgposition=\"center center\" data-bgfit=\"cover\" data-bgrepeat=\"no-repeat\" class=\"rev-slidebg\" data-no-retina>\n\t\t<!-- LAYERS -->\n\t<\/li>\n\t<!-- SLIDE  -->\n\t<li data-index=\"rs-37\" data-transition=\"fade\" data-slotamount=\"default\" data-hideafterloop=\"0\" data-hideslideonmobile=\"off\"  data-easein=\"default\" data-easeout=\"default\" data-masterspeed=\"300\"  data-thumb=\"https:\/\/madeira-melia-stg.shareit.pt\/wp-content\/uploads\/sites\/15\/2017\/12\/Melia-Madeira-292-100x50.jpg\"  data-rotate=\"0\"  data-saveperformance=\"off\"  data-title=\"Slide\" data-param1=\"\" data-param2=\"\" data-param3=\"\" data-param4=\"\" data-param5=\"\" data-param6=\"\" data-param7=\"\" data-param8=\"\" data-param9=\"\" data-param10=\"\" data-description=\"\">\n\t\t<!-- MAIN IMAGE -->\n\t\t<img decoding=\"async\" src=\"https:\/\/madeira-melia-stg.shareit.pt\/wp-content\/uploads\/sites\/15\/2017\/12\/Melia-Madeira-292.jpg\"  alt=\"\" title=\"Melia Madeira-292\"  width=\"3987\" height=\"2671\" data-bgposition=\"center center\" data-bgfit=\"cover\" data-bgrepeat=\"no-repeat\" class=\"rev-slidebg\" data-no-retina>\n\t\t<!-- LAYERS -->\n\t<\/li>\n\t<!-- SLIDE  -->\n\t<li data-index=\"rs-186\" data-transition=\"fade\" data-slotamount=\"default\" data-hideafterloop=\"0\" data-hideslideonmobile=\"off\"  data-easein=\"default\" data-easeout=\"default\" data-masterspeed=\"300\"  data-thumb=\"https:\/\/madeira-melia-stg.shareit.pt\/wp-content\/uploads\/sites\/15\/2017\/12\/03-100x50.jpg\"  data-rotate=\"0\"  data-saveperformance=\"off\"  data-title=\"Slide\" data-param1=\"\" data-param2=\"\" data-param3=\"\" data-param4=\"\" data-param5=\"\" data-param6=\"\" data-param7=\"\" data-param8=\"\" data-param9=\"\" data-param10=\"\" data-description=\"\">\n\t\t<!-- MAIN IMAGE -->\n\t\t<img decoding=\"async\" src=\"https:\/\/madeira-melia-stg.shareit.pt\/wp-content\/uploads\/sites\/15\/2017\/12\/03.jpg\"  alt=\"\" title=\"03\"  width=\"2000\" height=\"1000\" data-bgposition=\"center center\" data-bgfit=\"cover\" data-bgrepeat=\"no-repeat\" class=\"rev-slidebg\" data-no-retina>\n\t\t<!-- LAYERS -->\n\t<\/li>\n\t<!-- SLIDE  -->\n\t<li data-index=\"rs-185\" data-transition=\"fade\" data-slotamount=\"default\" data-hideafterloop=\"0\" data-hideslideonmobile=\"off\"  data-easein=\"default\" data-easeout=\"default\" data-masterspeed=\"300\"  data-thumb=\"https:\/\/madeira-melia-stg.shareit.pt\/wp-content\/uploads\/sites\/15\/2017\/12\/05-100x50.jpg\"  data-rotate=\"0\"  data-saveperformance=\"off\"  data-title=\"Slide\" data-param1=\"\" data-param2=\"\" data-param3=\"\" data-param4=\"\" data-param5=\"\" data-param6=\"\" data-param7=\"\" data-param8=\"\" data-param9=\"\" data-param10=\"\" data-description=\"\">\n\t\t<!-- MAIN IMAGE -->\n\t\t<img decoding=\"async\" src=\"https:\/\/madeira-melia-stg.shareit.pt\/wp-content\/uploads\/sites\/15\/2017\/12\/05.jpg\"  alt=\"\" title=\"05\"  width=\"2000\" height=\"1000\" data-bgposition=\"center center\" data-bgfit=\"cover\" data-bgrepeat=\"no-repeat\" class=\"rev-slidebg\" data-no-retina>\n\t\t<!-- LAYERS -->\n\t<\/li>\n\t<!-- SLIDE  -->\n\t<li data-index=\"rs-187\" data-transition=\"fade\" data-slotamount=\"default\" data-hideafterloop=\"0\" data-hideslideonmobile=\"off\"  data-easein=\"default\" data-easeout=\"default\" data-masterspeed=\"300\"  data-thumb=\"https:\/\/madeira-melia-stg.shareit.pt\/wp-content\/uploads\/sites\/15\/2017\/12\/Melia-Madeira-281-100x50.jpg\"  data-rotate=\"0\"  data-saveperformance=\"off\"  data-title=\"Slide\" data-param1=\"\" data-param2=\"\" data-param3=\"\" data-param4=\"\" data-param5=\"\" data-param6=\"\" data-param7=\"\" data-param8=\"\" data-param9=\"\" data-param10=\"\" data-description=\"\">\n\t\t<!-- MAIN IMAGE -->\n\t\t<img decoding=\"async\" src=\"https:\/\/madeira-melia-stg.shareit.pt\/wp-content\/uploads\/sites\/15\/2017\/12\/Melia-Madeira-281.jpg\"  alt=\"\" title=\"Melia-Madeira-281\"  width=\"4171\" height=\"2795\" data-bgposition=\"center center\" data-bgfit=\"cover\" data-bgrepeat=\"no-repeat\" class=\"rev-slidebg\" data-no-retina>\n\t\t<!-- LAYERS -->\n\t<\/li>\n\t<!-- SLIDE  -->\n\t<li data-index=\"rs-189\" data-transition=\"fade\" data-slotamount=\"default\" data-hideafterloop=\"0\" data-hideslideonmobile=\"off\"  data-easein=\"default\" data-easeout=\"default\" data-masterspeed=\"300\"  data-thumb=\"https:\/\/madeira-melia-stg.shareit.pt\/wp-content\/uploads\/sites\/15\/2017\/12\/Melia-Madeira-302-100x50.jpg\"  data-rotate=\"0\"  data-saveperformance=\"off\"  data-title=\"Slide\" data-param1=\"\" data-param2=\"\" data-param3=\"\" data-param4=\"\" data-param5=\"\" data-param6=\"\" data-param7=\"\" data-param8=\"\" data-param9=\"\" data-param10=\"\" data-description=\"\">\n\t\t<!-- MAIN IMAGE -->\n\t\t<img decoding=\"async\" src=\"https:\/\/madeira-melia-stg.shareit.pt\/wp-content\/uploads\/sites\/15\/2017\/12\/Melia-Madeira-302.jpg\"  alt=\"\" title=\"Melia-Madeira-302\"  width=\"4171\" height=\"2795\" data-bgposition=\"center center\" data-bgfit=\"cover\" data-bgrepeat=\"no-repeat\" class=\"rev-slidebg\" data-no-retina>\n\t\t<!-- LAYERS -->\n\t<\/li>\n<\/ul>\n<script>var htmlDiv = document.getElementById(\"rs-plugin-settings-inline-css\"); var htmlDivCss=\"\";\n\t\t\t\t\t\tif(htmlDiv) {\n\t\t\t\t\t\t\thtmlDiv.innerHTML = htmlDiv.innerHTML + htmlDivCss;\n\t\t\t\t\t\t}else{\n\t\t\t\t\t\t\tvar htmlDiv = document.createElement(\"div\");\n\t\t\t\t\t\t\thtmlDiv.innerHTML = \"<style>\" + htmlDivCss + \"<\/style>\";\n\t\t\t\t\t\t\tdocument.getElementsByTagName(\"head\")[0].appendChild(htmlDiv.childNodes[0]);\n\t\t\t\t\t\t}\n\t\t\t\t\t<\/script>\n<div class=\"tp-bannertimer tp-bottom\" style=\"visibility: hidden !important;\"><\/div>\t<\/div>\n<script>var htmlDiv = document.getElementById(\"rs-plugin-settings-inline-css\"); var htmlDivCss=\"\";\n\t\t\t\tif(htmlDiv) {\n\t\t\t\t\thtmlDiv.innerHTML = htmlDiv.innerHTML + htmlDivCss;\n\t\t\t\t}else{\n\t\t\t\t\tvar htmlDiv = document.createElement(\"div\");\n\t\t\t\t\thtmlDiv.innerHTML = \"<style>\" + htmlDivCss + \"<\/style>\";\n\t\t\t\t\tdocument.getElementsByTagName(\"head\")[0].appendChild(htmlDiv.childNodes[0]);\n\t\t\t\t}\n\t\t\t<\/script>\n\t\t<script type=\"text\/javascript\">\nsetREVStartSize({c: jQuery('#rev_slider_6_1'), gridwidth: [1240], gridheight: [600], sliderLayout: 'auto'});\n\t\t\t\nvar revapi6,\n\ttpj=jQuery;\n\t\t\t\ntpj(document).ready(function() {\n\tif(tpj(\"#rev_slider_6_1\").revolution == undefined){\n\t\trevslider_showDoubleJqueryError(\"#rev_slider_6_1\");\n\t}else{\n\t\trevapi6 = tpj(\"#rev_slider_6_1\").show().revolution({\n\t\t\tsliderType:\"standard\",\n\t\t\tjsFileLocation:\"\/\/madeira-melia-stg.shareit.pt\/wp-content\/plugins\/revslider\/public\/assets\/js\/\",\n\t\t\tsliderLayout:\"auto\",\n\t\t\tdottedOverlay:\"none\",\n\t\t\tdelay:9000,\n\t\t\tnavigation: {\n\t\t\t\tkeyboardNavigation:\"off\",\n\t\t\t\tkeyboard_direction: \"horizontal\",\n\t\t\t\tmouseScrollNavigation:\"off\",\n \t\t\t\t\t\t\tmouseScrollReverse:\"default\",\n\t\t\t\tonHoverStop:\"off\",\n\t\t\t\tarrows: {\n\t\t\t\t\tstyle:\"zeus\",\n\t\t\t\t\tenable:true,\n\t\t\t\t\thide_onmobile:false,\n\t\t\t\t\thide_onleave:false,\n\t\t\t\t\ttmp:'<div class=\"tp-title-wrap\">  \t<div class=\"tp-arr-imgholder\"><\/div> <\/div>',\n\t\t\t\t\tleft: {\n\t\t\t\t\t\th_align:\"left\",\n\t\t\t\t\t\tv_align:\"center\",\n\t\t\t\t\t\th_offset:20,\n\t\t\t\t\t\tv_offset:0\n\t\t\t\t\t},\n\t\t\t\t\tright: {\n\t\t\t\t\t\th_align:\"right\",\n\t\t\t\t\t\tv_align:\"center\",\n\t\t\t\t\t\th_offset:20,\n\t\t\t\t\t\tv_offset:0\n\t\t\t\t\t}\n\t\t\t\t}\n\t\t\t\t,\n\t\t\t\tthumbnails: {\n\t\t\t\t\tstyle:\"gyges\",\n\t\t\t\t\tenable:true,\n\t\t\t\t\twidth:100,\n\t\t\t\t\theight:50,\n\t\t\t\t\tmin_width:100,\n\t\t\t\t\twrapper_padding:5,\n\t\t\t\t\twrapper_color:\"transparent\",\n\t\t\t\t\ttmp:'<span class=\"tp-thumb-img-wrap\">  <span class=\"tp-thumb-image\"><\/span><\/span>',\n\t\t\t\t\tvisibleAmount:5,\n\t\t\t\t\thide_onmobile:true,\n\t\t\t\t\thide_under:767,\n\t\t\t\t\thide_onleave:false,\n\t\t\t\t\tdirection:\"horizontal\",\n\t\t\t\t\tspan:false,\n\t\t\t\t\tposition:\"inner\",\n\t\t\t\t\tspace:5,\n\t\t\t\t\th_align:\"center\",\n\t\t\t\t\tv_align:\"bottom\",\n\t\t\t\t\th_offset:0,\n\t\t\t\t\tv_offset:20\n\t\t\t\t}\n\t\t\t},\n\t\t\tvisibilityLevels:[1240,1024,778,480],\n\t\t\tgridwidth:1240,\n\t\t\tgridheight:600,\n\t\t\tlazyType:\"none\",\n\t\t\tshadow:0,\n\t\t\tspinner:\"spinner0\",\n\t\t\tstopLoop:\"off\",\n\t\t\tstopAfterLoops:-1,\n\t\t\tstopAtSlide:-1,\n\t\t\tshuffle:\"off\",\n\t\t\tautoHeight:\"off\",\n\t\t\tdisableProgressBar:\"on\",\n\t\t\thideThumbsOnMobile:\"on\",\n\t\t\thideSliderAtLimit:0,\n\t\t\thideCaptionAtLimit:0,\n\t\t\thideAllCaptionAtLilmit:0,\n\t\t\tdebugMode:false,\n\t\t\tfallbacks: {\n\t\t\t\tsimplifyAll:\"off\",\n\t\t\t\tnextSlideOnWindowFocus:\"off\",\n\t\t\t\tdisableFocusListener:false,\n\t\t\t}\n\t\t});\n\t}\n\t\n});\t\/*ready*\/\n<\/script>\n\t\t<script type=\"text\/javascript\">\n\t\t\t\t\tvar htmlDivCss = unescape(\"%23rev_slider_6_1%20.zeus.tparrows%20%7B%0A%20%20cursor%3Apointer%3B%0A%20%20min-width%3A70px%3B%0A%20%20min-height%3A70px%3B%0A%20%20position%3Aabsolute%3B%0A%20%20display%3Ablock%3B%0A%20%20z-index%3A100%3B%0A%20%20border-radius%3A50%25%3B%20%20%20%0A%20%20overflow%3Ahidden%3B%0A%20%20background%3Argba%280%2C0%2C0%2C0.1%29%3B%0A%7D%0A%0A%23rev_slider_6_1%20.zeus.tparrows%3Abefore%20%7B%0A%20%20font-family%3A%20%22revicons%22%3B%0A%20%20font-size%3A20px%3B%0A%20%20color%3Argb%28255%2C%20255%2C%20255%29%3B%0A%20%20display%3Ablock%3B%0A%20%20line-height%3A%2070px%3B%0A%20%20text-align%3A%20center%3B%20%20%20%20%0A%20%20z-index%3A2%3B%0A%20%20position%3Arelative%3B%0A%7D%0A%23rev_slider_6_1%20.zeus.tparrows.tp-leftarrow%3Abefore%20%7B%0A%20%20content%3A%20%22%5Ce824%22%3B%0A%7D%0A%23rev_slider_6_1%20.zeus.tparrows.tp-rightarrow%3Abefore%20%7B%0A%20%20content%3A%20%22%5Ce825%22%3B%0A%7D%0A%0A%23rev_slider_6_1%20.zeus%20.tp-title-wrap%20%7B%0A%20%20background%3Argba%280%2C0%2C0%2C0.5%29%3B%0A%20%20width%3A100%25%3B%0A%20%20height%3A100%25%3B%0A%20%20top%3A0px%3B%0A%20%20left%3A0px%3B%0A%20%20position%3Aabsolute%3B%0A%20%20opacity%3A0%3B%0A%20%20transform%3Ascale%280%29%3B%0A%20%20-webkit-transform%3Ascale%280%29%3B%0A%20%20%20transition%3A%20all%200.3s%3B%0A%20%20-webkit-transition%3Aall%200.3s%3B%0A%20%20-moz-transition%3Aall%200.3s%3B%0A%20%20%20border-radius%3A50%25%3B%0A%20%7D%0A%23rev_slider_6_1%20.zeus%20.tp-arr-imgholder%20%7B%0A%20%20width%3A100%25%3B%0A%20%20height%3A100%25%3B%0A%20%20position%3Aabsolute%3B%0A%20%20top%3A0px%3B%0A%20%20left%3A0px%3B%0A%20%20background-position%3Acenter%20center%3B%0A%20%20background-size%3Acover%3B%0A%20%20border-radius%3A50%25%3B%0A%20%20transform%3Atranslatex%28-100%25%29%3B%0A%20%20-webkit-transform%3Atranslatex%28-100%25%29%3B%0A%20%20%20transition%3A%20all%200.3s%3B%0A%20%20-webkit-transition%3Aall%200.3s%3B%0A%20%20-moz-transition%3Aall%200.3s%3B%0A%0A%20%7D%0A%23rev_slider_6_1%20.zeus.tp-rightarrow%20.tp-arr-imgholder%20%7B%0A%20%20%20%20transform%3Atranslatex%28100%25%29%3B%0A%20%20-webkit-transform%3Atranslatex%28100%25%29%3B%0A%20%20%20%20%20%20%7D%0A%23rev_slider_6_1%20.zeus.tparrows%3Ahover%20.tp-arr-imgholder%20%7B%0A%20%20transform%3Atranslatex%280%29%3B%0A%20%20-webkit-transform%3Atranslatex%280%29%3B%0A%20%20opacity%3A1%3B%0A%7D%0A%20%20%20%20%20%20%0A%23rev_slider_6_1%20.zeus.tparrows%3Ahover%20.tp-title-wrap%20%7B%0A%20%20transform%3Ascale%281%29%3B%0A%20%20-webkit-transform%3Ascale%281%29%3B%0A%20%20opacity%3A1%3B%0A%7D%0A%20%0A.gyges%20.tp-thumb%20%7B%20%0A%20%20%20%20%20%20opacity%3A1%0A%20%20%7D%0A.gyges%20.tp-thumb-img-wrap%20%7B%0A%20%20padding%3A3px%3B%0A%20%20background-color%3Argba%28124%2C%20124%2C%20124%2C%201%29%3B%0A%20%20display%3Ainline-block%3B%0A%0A%20%20width%3A100%25%3B%0A%20%20height%3A100%25%3B%0A%20%20position%3Arelative%3B%0A%20%20margin%3A0px%3B%0A%20%20box-sizing%3Aborder-box%3B%0A%20%20%20%20transition%3Aall%200.3s%3B%0A%20%20%20%20-webkit-transition%3Aall%200.3s%3B%0A%7D%0A.gyges%20.tp-thumb-image%20%7B%0A%20%20%20padding%3A3px%3B%20%0A%20%20%20display%3Ablock%3B%0A%20%20%20box-sizing%3Aborder-box%3B%0A%20%20%20position%3Arelative%3B%0A%20%20%20%20-webkit-box-shadow%3A%20inset%205px%205px%2010px%200px%20rgba%28124%2C%20124%2C%20124%2C%201%29%3B%0A%20%20-moz-box-shadow%3A%20inset%205px%205px%2010px%200px%20rgba%28124%2C%20124%2C%20124%2C%201%29%3B%0A%20%20box-shadow%3A%20inset%205px%205px%2010px%200px%20rgba%28124%2C%20124%2C%20124%2C%201%29%3B%0A%20%7D%20%20%0A%0A.gyges%20.tp-thumb%3Ahover%20.tp-thumb-img-wrap%2C%0A%20.gyges%20.tp-thumb.selected%20.tp-thumb-img-wrap%20%7B%0A%20%20%20%20background%3A%20-moz-linear-gradient%28top%2C%20%20rgba%28255%2C%20255%2C%20255%2C%201%29%200%25%2C%20rgba%28119%2C%20119%2C%20119%2C%201%29%20100%25%29%3B%0Abackground%3A%20-webkit-gradient%28left%20top%2C%20left%20bottom%2C%20color-stop%280%25%2C%20rgba%28255%2C%20255%2C%20255%2C%201%29%29%2C%20color-stop%28100%25%2C%20rgba%28119%2C%20119%2C%20119%2C%201%29%29%29%3B%0Abackground%3A%20-webkit-linear-gradient%28top%2C%20rgba%28255%2C%20255%2C%20255%2C%201%29%200%25%2C%20rgba%28119%2C%20119%2C%20119%2C%201%29%20100%25%29%3B%0Abackground%3A%20-o-linear-gradient%28top%2C%20rgba%28255%2C%20255%2C%20255%2C%201%29%200%25%2C%20rgba%28119%2C%20119%2C%20119%2C%201%29%20100%25%29%3B%0Abackground%3A%20-ms-linear-gradient%28top%2C%20rgba%28255%2C%20255%2C%20255%2C%201%29%200%25%2C%20rgba%28119%2C%20119%2C%20119%2C%201%29%20100%25%29%3B%0Abackground%3A%20linear-gradient%28to%20bottom%2C%20rgba%28255%2C%20255%2C%20255%2C%201%29%200%25%2C%20rgba%28119%2C%20119%2C%20119%2C%201%29%20100%25%29%3B%0A%0A%7D%0A%0A%0A\");\n\t\t\t\t\tvar htmlDiv = document.getElementById('rs-plugin-settings-inline-css');\n\t\t\t\t\tif(htmlDiv) {\n\t\t\t\t\t\thtmlDiv.innerHTML = htmlDiv.innerHTML + htmlDivCss;\n\t\t\t\t\t}\n\t\t\t\t\telse{\n\t\t\t\t\t\tvar htmlDiv = document.createElement('div');\n\t\t\t\t\t\thtmlDiv.innerHTML = \"<style>\" + htmlDivCss + \"<\/style>\";\n\t\t\t\t\t\tdocument.getElementsByTagName('head')[0].appendChild(htmlDiv.childNodes[0]);\n\t\t\t\t\t}\n\t\t\t\t  <\/script>\n\t\t\t\t<\/div><!-- END REVOLUTION SLIDER --><\/div><div id=\"panel-7809-5-0-1\" class=\"so-panel widget widget_empty-space panel-last-child\" data-index=\"11\" ><div class=\"mobile-extra-space panel-widget-style panel-widget-style-for-7809-5-0-1\" ><div class=\"thim-widget-empty-space thim-widget-empty-space-base\"><div class=\"empty_space\" style=\"height:30px\"><\/div><\/div><\/div><\/div><\/div><\/div><div id=\"pg-7809-6\"  class=\"panel-grid panel-no-style\" ><div id=\"pgc-7809-6-0\"  class=\"panel-grid-cell panel-grid-cell-empty\" ><\/div><\/div><\/div>","protected":false},"excerpt":{"rendered":"<p>S\u00e4le und bereiche  f\u00fcr veranstaltungen und meetingsSehen MehrDas Hotel bietet 6 Konferenzr\u00e4ume in einem speziellen Kongress- und Veranstaltungsbereich mit <\/p>\n","protected":false},"author":3,"featured_media":0,"parent":0,"menu_order":49,"comment_status":"closed","ping_status":"closed","template":"","meta":{"_acf_changed":false,"footnotes":"","_expiration-date-status":"","_expiration-date":0,"_expiration-date-type":"","_expiration-date-categories":[],"_expiration-date-options":[]},"class_list":["post-7809","page","type-page","status-publish","hentry"],"acf":[],"_links":{"self":[{"href":"https:\/\/madeira-melia-stg.shareit.pt\/de\/wp-json\/wp\/v2\/pages\/7809","targetHints":{"allow":["GET"]}}],"collection":[{"href":"https:\/\/madeira-melia-stg.shareit.pt\/de\/wp-json\/wp\/v2\/pages"}],"about":[{"href":"https:\/\/madeira-melia-stg.shareit.pt\/de\/wp-json\/wp\/v2\/types\/page"}],"author":[{"embeddable":true,"href":"https:\/\/madeira-melia-stg.shareit.pt\/de\/wp-json\/wp\/v2\/users\/3"}],"replies":[{"embeddable":true,"href":"https:\/\/madeira-melia-stg.shareit.pt\/de\/wp-json\/wp\/v2\/comments?post=7809"}],"version-history":[{"count":11,"href":"https:\/\/madeira-melia-stg.shareit.pt\/de\/wp-json\/wp\/v2\/pages\/7809\/revisions"}],"predecessor-version":[{"id":24819,"href":"https:\/\/madeira-melia-stg.shareit.pt\/de\/wp-json\/wp\/v2\/pages\/7809\/revisions\/24819"}],"wp:attachment":[{"href":"https:\/\/madeira-melia-stg.shareit.pt\/de\/wp-json\/wp\/v2\/media?parent=7809"}],"curies":[{"name":"wp","href":"https:\/\/api.w.org\/{rel}","templated":true}]}}