{"id":15838,"date":"2020-01-15T16:57:43","date_gmt":"2020-01-15T16:57:43","guid":{"rendered":"https:\/\/www.meliamadeira.com\/?page_id=15838"},"modified":"2020-01-17T17:18:13","modified_gmt":"2020-01-17T17:18:13","slug":"faqs","status":"publish","type":"page","link":"https:\/\/madeira-melia-stg.shareit.pt\/es\/faqs\/","title":{"rendered":"FAQs"},"content":{"rendered":"<div id=\"pl-15838\"  class=\"panel-layout\" ><div id=\"pg-15838-0\"  class=\"panel-grid panel-no-style\" ><div id=\"pgc-15838-0-0\"  class=\"panel-grid-cell\" ><div id=\"panel-15838-0-0-0\" class=\"so-panel widget widget_empty-space panel-first-child panel-last-child\" data-index=\"0\" ><div class=\"thim-widget-empty-space thim-widget-empty-space-base\"><div class=\"empty_space\" style=\"height:30px\"><\/div><\/div><\/div><\/div><\/div><div id=\"pg-15838-1\"  class=\"panel-grid panel-no-style\" ><div id=\"pgc-15838-1-0\"  class=\"panel-grid-cell\" ><div id=\"panel-15838-1-0-0\" class=\"so-panel widget widget_sow-editor panel-first-child\" data-index=\"1\" ><div\n\t\t\t\n\t\t\tclass=\"so-widget-sow-editor so-widget-sow-editor-base\"\n\t\t\t\n\t\t>\n<div class=\"siteorigin-widget-tinymce textwidget\">\n\t<div class=\"hrf-faq-list\"><article class=\"hrf-entry\" id=\"hrf-entry-18081\">\n                      <h3 class=\"hrf-title close-faq\" data-content-id=\"hrf-content-18081\"><span><\/span>HIGIENE &#038; SEGURIDAD<\/h3>\n                     <div class=\"hrf-content\" id=\"hrf-content-18081\"><h4>\u00bfEste hotel recibi\u00f3 el sello \u00abClean &amp; Safe\u00bb del Turismo de Portugal (organismo oficial de turismo)?<\/h4>\n<p>S\u00ed, este hotel recibi\u00f3 el sello \u00abClean &amp; Safe\u00bb del Turismo de Portugal, que certifica el cumplimiento de las recomendaciones de la Direc\u00e7\u00e3o-Geral de Sa\u00fade (organismo oficial de salud).<\/p>\n<h4>\u00bfCu\u00e1les son los procedimientos implementados para garantizar la seguridad e higiene en el hotel?<\/h4>\n<p>Se han implementado varios procedimientos para garantizar la seguridad e higiene en el hotel. Para obtener m\u00e1s informaci\u00f3n, consulte nuestra p\u00e1gina de informaci\u00f3n <a href=\"https:\/\/madeira-melia-stg.shareit.pt\/health-safety\/\" target=\"_blank\" rel=\"noopener\">aqu\u00ed<\/a>.<\/p>\n<\/div>\n                  <\/article><article class=\"hrf-entry\" id=\"hrf-entry-15802\">\n                      <h3 class=\"hrf-title close-faq\" data-content-id=\"hrf-content-15802\"><span><\/span>HOTEL<\/h3>\n                     <div class=\"hrf-content\" id=\"hrf-content-15802\"><h4>\u00bfHay \u00e1reas para fumadores en el hotel?<\/h4>\n<p>Solo se permite fumar en el exterior, c\u00f3mo terrazas o balcones.<\/p>\n<h4>\u00bfEl hotel tiene aparcamiento privado?<\/h4>\n<p>Para m\u00e1s informaci\u00f3n sobre aparcamiento consulte, por favor, el site del hotel.<\/p>\n<h4>\u00bfPuedo dejar mis maletas en el hotel antes del check-in y\/o despu\u00e9s del check-out?<\/h4>\n<p>S\u00ed, tenemos un espacio d\u00f3nde el cliente puede guardar las maletas antes del check-in y despu\u00e9s del check-out.<\/p>\n<h4>\u00bfLas tarifas incluyen acceso a la piscina?<\/h4>\n<p>S\u00ed, las tarifas incluyen acceso a la piscina.<\/p>\n<h4>\u00bfCu\u00e1l es el horario del Spa y piscina?<\/h4>\n<p>Lunes a S\u00e1bado: 09h00 a las 20h00<br \/>\nDomingo: Cerrado<\/p>\n<p>INFORMACI\u00d3N Y RESERVAS:<br \/>\nContacto Directo Tel.: +351 291 724151<br \/>\nEmail: spa.melia.madeira@meliaportugal.com<\/p>\n<h4>\u00bfEs el aparcamiento pago?<\/h4>\n<p>No, el aparcamiento no es pago.<\/p>\n<h4>\u00bfSe admiten mascotas en el hotel?<\/h4>\n<p>No, no se admiten mascotas en el hotel.<\/p>\n<h4>\u00bfEl hotel tiene salas de reuni\u00f3n?<\/h4>\n<p>S\u00ed. Tiene seis salones de conferencia. Para m\u00e1s informaci\u00f3n consulte:\u00a0<a href=\"https:\/\/madeira-melia-stg.shareit.pt\/es\/reuniones\/\" target=\"_blank\" rel=\"noopener\">https:\/\/madeira-melia-stg.shareit.pt\/es\/reuniones\/\u00a0<\/a><\/p>\n<h4>\u00bfEl hotel tiene servicios de matrimonio?<\/h4>\n<p>S\u00ed. Para m\u00e1s informaci\u00f3n consulte:\u00a0<a href=\"https:\/\/madeira-melia-stg.shareit.pt\/es\/reuniones\/\" target=\"_blank\" rel=\"noopener\">https:\/\/madeira-melia-stg.shareit.pt\/es\/reuniones\/<\/a><\/p>\n<h4>\u00bfHay ascensor?<\/h4>\n<p>S\u00ed, hay ascensor en el hotel.<\/p>\n<h4>\u00bfHay servicio Wi-fi en el hotel (incluyendo habitaciones)?<\/h4>\n<p>S\u00ed, hay servicio Wi-fi en todo el hotel.<\/p>\n<h4>\u00bfHay lobby y espacios p\u00fablicos en el hotel?<\/h4>\n<p>S\u00ed, hay lobby y espacios p\u00fablicos en el hotel.<\/p>\n<h4>\u00bfEl hotel tiene servicios de lavander\u00eda y planchado?<\/h4>\n<p>S\u00ed, tenemos servicios de lavander\u00eda y planchado.<\/p>\n<p>&nbsp;<\/p>\n<h4>\u00bfEs posible realizar pre check-in?<\/h4>\n<p>S\u00ed. Despu\u00e9s de hacer la reserva, todos los clientes que hayan proporcionado un contacto por correo electr\u00f3nico recibir\u00e1n instrucciones por correo electr\u00f3nico sobre c\u00f3mo proceder con el pre check-in, en menos de 7 d\u00edas. Si no lo hace, 3 d\u00edas antes del check-in, le sugerimos nuevamente por correo electr\u00f3nico que realice el pre-check-in. De esta forma, puede completar los detalles de todos los hu\u00e9spedes y acelerar su recepci\u00f3n en nuestro hotel.<\/p>\n<\/div>\n                  <\/article><article class=\"hrf-entry\" id=\"hrf-entry-15827\">\n                      <h3 class=\"hrf-title close-faq\" data-content-id=\"hrf-content-15827\"><span><\/span>RESERVACIONES<\/h3>\n                     <div class=\"hrf-content\" id=\"hrf-content-15827\"><h4>\u00bfC\u00f3mo efectuar una reserva directamente con el hotel?<\/h4>\n<p>Las reservas pueden ser hechas a trav\u00e9s del motor de reservas online. Podr\u00e1 tambi\u00e9n contactar con nosotros a trav\u00e9s del e-mail o telef\u00f3no. Para m\u00e1s informaci\u00f3n, consulte nuestro site.<\/p>\n<h4>\u00bfC\u00f3mo cancelar o alterar una reserva efectuada a trav\u00e9s del site?<\/h4>\n<p>La cancelaci\u00f3n de las reservas hechas a trav\u00e9s del site del hotel, puede ser hecho en el mismo site o mediante pedido enviado por e-mail. Algunas reservas no permiten cancelaci\u00f3n, pelo que debe consultar las condiciones de reservas antes de efectuar su reserva.<\/p>\n<h4>\u00bfC\u00f3mo reservar una cuna?<\/h4>\n<p>Debe solicitar, en el acto de la reserva, en los comentarios o pedidos especiales o al check-in en la recepci\u00f3n del hotel.<\/p>\n<h4>\u00bfC\u00f3mo garantizar habitaciones con cama doble\/ cama individual?<\/h4>\n<p>Debe solicitar, en el acto de la reserva, en los comentarios o pedidos especiales o al check-in en la recepci\u00f3n del hotel.<\/p>\n<h4>\u00bfC\u00f3mo efectuar una reserva de grupos?<\/h4>\n<p>Debe contactar el departamento de grupos.<\/p>\n<h4>\u00bfC\u00f3mo garantizar habitaciones en una planta alta?<\/h4>\n<p>Solicitar, en el acto de la reserva, en los comentarios o pedidos especiales o al check-in en la recepci\u00f3n del hotel.<\/p>\n<h4>\u00bfCuales son las ventajas de reservar online directamente en el website?<\/h4>\n<p>La ventaja de reservar online directamente en el website es: Garant\u00eda de la mejor tarifa disponible.<\/p>\n<\/div>\n                  <\/article><article class=\"hrf-entry\" id=\"hrf-entry-15830\">\n                      <h3 class=\"hrf-title close-faq\" data-content-id=\"hrf-content-15830\"><span><\/span>RESTAURANTE<\/h3>\n                     <div class=\"hrf-content\" id=\"hrf-content-15830\"><h4>\u00bfEl desayuno tiene productos sin gluten?<\/h4>\n<p>S\u00ed, el desayuno tiene productos sin gluten.<\/p>\n<h4>\u00bfCuales son los men\u00fas disponibles y cu\u00e1l es el tipo de cocina?<\/h4>\n<p>RESTAURANTE \u00abMARE NOSTRUM\u00bb<br \/>\nOfrece varios Buffets Tem\u00e1ticos calientes y fr\u00edos, con servicio de \u00abLive Cooking Station\u00bb para el desayuno y para la cena.<\/p>\n<p>RESTAURANTE \u00abIL MASSIMO\u00bb &#8211; Servicio \u00c0 la carte con platos de cocina internacional- decoraci\u00f3n moderna y ambiente acogedor proporciona la oportunidad de cenar en la sala o deck con vista mar.<\/p>\n<p>BAR \/ RESTAURANTE \u00abO ILHEU\u00bb<br \/>\nSituado junto a la piscina, para servicio de almuerzo y comidas ligeras.<\/p>\n<p>BAR LA LUNA<br \/>\nJunto a la recepci\u00f3n del Hotel y con una terraza panor\u00e1mica sobre el mar.<\/p>\n<p>NINI DECK &amp; TERRACE BAR<\/p>\n<h4>\u00bfEl desayuno tiene leche sin lactosa?<\/h4>\n<p>No, el desayuno no tiene leche sin lactosa.<\/p>\n<\/div>\n                  <\/article><article class=\"hrf-entry\" id=\"hrf-entry-15824\">\n                      <h3 class=\"hrf-title close-faq\" data-content-id=\"hrf-content-15824\"><span><\/span>EMPLEO<\/h3>\n                     <div class=\"hrf-content\" id=\"hrf-content-15824\"><h4>\u00bfEs posible enviar mi curr\u00edculo para me juntar al equipo del hotel?<\/h4>\n<p>S\u00ed, debe enviar para: recrutamento@hotihoteis.com.<\/p>\n<\/div>\n                  <\/article><article class=\"hrf-entry\" id=\"hrf-entry-15820\">\n                      <h3 class=\"hrf-title close-faq\" data-content-id=\"hrf-content-15820\"><span><\/span>RECEPCI\u00d3N<\/h3>\n                     <div class=\"hrf-content\" id=\"hrf-content-15820\"><h4>\u00bfCu\u00e1l es el horario del check-in?<\/h4>\n<p>El check-in es hecho a partir de las 14h. Para entradas anticipadas, el hu\u00e9sped deber\u00e1 contactar con el hotel para consultar la disponibilidad. Podr\u00e1n ser aplicados costos adicionales.<\/p>\n<h4>\u00bfCu\u00e1l es el horario del check-out?<\/h4>\n<p>El check-out es hecho hasta las 12h. Para salidas despu\u00e9s a la hora estipulada , el hu\u00e9sped deber\u00e1 contactar con el hotel para consultar la disponibilidad. Podr\u00e1n ser aplicados costos adicionales. Caso hagan parte del programa en compa\u00f1a, las condiciones para el late check-out no se regulan por este funcionamiento.<\/p>\n<p>&nbsp;<\/p>\n<h4>\u00bfLa recepci\u00f3n est\u00e1 abierta 24 horas?<\/h4>\n<p>S\u00ed, la recepci\u00f3n est\u00e1 abierta 24 horas.<\/p>\n<\/div>\n                  <\/article><article class=\"hrf-entry\" id=\"hrf-entry-15817\">\n                      <h3 class=\"hrf-title close-faq\" data-content-id=\"hrf-content-15817\"><span><\/span>HABITACIONES<\/h3>\n                     <div class=\"hrf-content\" id=\"hrf-content-15817\"><h4>\u00bfHay habitaciones para hu\u00e9spedes com movilidad reducida?<\/h4>\n<p>Tenemos habitaciones para hu\u00e9spedes con movilidad reducida. Caso tenga alguna dificultad, los nestros colaboradores estar\u00e1n siempre disponibles para ayudarlo .<\/p>\n<h4>\u00bfLas habitaciones tienen frigobar?<\/h4>\n<p>S\u00ed, las habitaciones tienen frigobar.<\/p>\n<h4>\u00bfHay habitaciones comunicantes?<\/h4>\n<p>S\u00ed, hay habitaciones comunicantes.<\/p>\n<h4>\u00bfEs posible pedir almohadas y s\u00e1banas adicionales?<\/h4>\n<p>S\u00ed, es posible pedir almohadas y s\u00e1banas adicionales.<\/p>\n<h4>\u00bfLas habitaciones tienen balc\u00f3n?<\/h4>\n<p>S\u00ed, las habitaciones tienen balc\u00f3n.<\/p>\n<h4>\u00bfCuales son las tipolog\u00edas de habitaciones disponibles en el hotel?<\/h4>\n<p>De las 220 habitaciones: 16 Suites Premium equipadas con cocina completa;<br \/>\n8 Master Suites con Kitchenette;<br \/>\n2 Suites Ejecutivas;<br \/>\n2 Habitaciones para personas con movilidad reducida.<\/p>\n<h4>\u00bfLas habitaciones tienen moqueta?<\/h4>\n<p>S\u00ed, las habitaciones tienen moqueta.<\/p>\n<h4>\u00bfLas habitaciones tienen aire acondicionado?<\/h4>\n<p>S\u00ed, las habitaciones tienen aire acondicionado.<\/p>\n<h4>\u00bfHay servicio de wake-up call en el hotel?<\/h4>\n<p>S\u00ed, hay servicio de wake-up call en el hotel.<\/p>\n<h4>\u00bfLas habitaciones tienen ducha o ba\u00f1era?<\/h4>\n<p>S\u00ed, las habitaciones tienen ducha o ba\u00f1era.<\/p>\n<h4>\u00bfEl hotel tiene cajas en las habitaciones?<\/h4>\n<p>S\u00ed, el hotel tiene cajas en las habitaciones.<\/p>\n<\/div>\n                  <\/article><article class=\"hrf-entry\" id=\"hrf-entry-15812\">\n                      <h3 class=\"hrf-title close-faq\" data-content-id=\"hrf-content-15812\"><span><\/span>PRECIOS Y PAGOS<\/h3>\n                     <div class=\"hrf-content\" id=\"hrf-content-15812\"><h4>\u00bfLas tarifas presentadas son por persona o por habitaci\u00f3n?<\/h4>\n<p>Las tarifas presentadas son por habitaci\u00f3n.<\/p>\n<h4>\u00bfCuales son las formas de pago para reservas efectuadas en el website?<\/h4>\n<p>La tarjeta de cr\u00e9dito es la forma de pago para reservas efectuadas en el website.<\/p>\n<h4>\u00bfSe cobra tasa tur\u00edstica?<\/h4>\n<p>No, no se cobra el impuesto tur\u00edstico.<\/p>\n<h4>\u00bfSe necesita tarjeta de cr\u00e9dito para hacer la reserva?<\/h4>\n<p>S\u00ed, como garant\u00eda de pago para tarifas reembolsables y para pago de reservas pagados no reembolsables.<\/p>\n<h4>\u00bfCuales son las formas de pago disponibles?<\/h4>\n<p>Las formas de pago son: Tarjeta de cr\u00e9dito Visa, Mastercard , American Express y tarjeta de d\u00e9bito.<\/p>\n<h4>\u00bfPuedo pagar con tarjeta de cr\u00e9dito de la empresa?<\/h4>\n<p>S\u00ed, se puede pagar con tarjeta de cr\u00e9dito de la empresa.<\/p>\n<h4>\u00bfEs posible solicitar factura en el nombre de la empresa?<\/h4>\n<p>S\u00ed, es posible solicitar factura en el nombre de la empresa.<\/p>\n<\/div>\n                  <\/article><article class=\"hrf-entry\" id=\"hrf-entry-15807\">\n                      <h3 class=\"hrf-title close-faq\" data-content-id=\"hrf-content-15807\"><span><\/span>UBICACI\u00d3N<\/h3>\n                     <div class=\"hrf-content\" id=\"hrf-content-15807\"><h4>\u00bfEst\u00e1 disponible el servicio shuttle entre el aeropuerto y el hotel?<\/h4>\n<p>S\u00ed, est\u00e1 disponible el servicio shuttle entre el aeropuerto y el hotel.<\/p>\n<h4>\u00bfCu\u00e1l es el medio de transporte para la playa?<\/h4>\n<p>Para la playa de Seixos (Playa Formosa), el cliente puede ir a pie. Para otras playas podr\u00e1 ir de autob\u00fas o taxi.<\/p>\n<h4>\u00bfCu\u00e1l es el medio de transporte para el centro de la ciudad?<\/h4>\n<p>Para la ciudad, el cliente puede ir a pie o de autobus.<\/p>\n<h4>\u00bfHay farmacias cerca del hotel?<\/h4>\n<p>S\u00ed, hay farmacias cerca del hotel.<\/p>\n<\/div>\n                  <\/article><\/div>\n<\/div>\n<\/div><\/div><div id=\"panel-15838-1-0-1\" class=\"so-panel widget widget_empty-space panel-last-child\" data-index=\"2\" ><div class=\"thim-widget-empty-space thim-widget-empty-space-base\"><div class=\"empty_space\" style=\"height:30px\"><\/div><\/div><\/div><\/div><\/div><\/div>","protected":false},"excerpt":{"rendered":"<p>\u00bfEst\u00e1 disponible el servicio shuttle entre el aeropuerto y el hotel?<br \/>\nS\u00ed, est\u00e1 disponible el servicio shuttle entre el aeropuerto <\/p>\n","protected":false},"author":12,"featured_media":0,"parent":0,"menu_order":2,"comment_status":"closed","ping_status":"closed","template":"","meta":{"_acf_changed":false,"footnotes":"","_expiration-date-status":"saved","_expiration-date":0,"_expiration-date-type":"","_expiration-date-categories":[],"_expiration-date-options":[]},"class_list":["post-15838","page","type-page","status-publish","hentry"],"acf":[],"_links":{"self":[{"href":"https:\/\/madeira-melia-stg.shareit.pt\/es\/wp-json\/wp\/v2\/pages\/15838","targetHints":{"allow":["GET"]}}],"collection":[{"href":"https:\/\/madeira-melia-stg.shareit.pt\/es\/wp-json\/wp\/v2\/pages"}],"about":[{"href":"https:\/\/madeira-melia-stg.shareit.pt\/es\/wp-json\/wp\/v2\/types\/page"}],"author":[{"embeddable":true,"href":"https:\/\/madeira-melia-stg.shareit.pt\/es\/wp-json\/wp\/v2\/users\/12"}],"replies":[{"embeddable":true,"href":"https:\/\/madeira-melia-stg.shareit.pt\/es\/wp-json\/wp\/v2\/comments?post=15838"}],"version-history":[{"count":9,"href":"https:\/\/madeira-melia-stg.shareit.pt\/es\/wp-json\/wp\/v2\/pages\/15838\/revisions"}],"predecessor-version":[{"id":15890,"href":"https:\/\/madeira-melia-stg.shareit.pt\/es\/wp-json\/wp\/v2\/pages\/15838\/revisions\/15890"}],"wp:attachment":[{"href":"https:\/\/madeira-melia-stg.shareit.pt\/es\/wp-json\/wp\/v2\/media?parent=15838"}],"curies":[{"name":"wp","href":"https:\/\/api.w.org\/{rel}","templated":true}]}}