{"id":18869,"date":"2020-08-05T13:09:21","date_gmt":"2020-08-05T12:09:21","guid":{"rendered":"https:\/\/www.meliamadeira.com\/?page_id=18869"},"modified":"2021-02-10T14:48:29","modified_gmt":"2021-02-10T14:48:29","slug":"meliarewards","status":"publish","type":"page","link":"https:\/\/madeira-melia-stg.shareit.pt\/es\/meliarewards\/","title":{"rendered":"Meli\u00e1Rewards"},"content":{"rendered":"<div id=\"pl-18869\"  class=\"panel-layout\" ><div id=\"pg-18869-0\"  class=\"panel-grid panel-no-style\" ><div id=\"pgc-18869-0-0\"  class=\"panel-grid-cell\" ><div id=\"panel-18869-0-0-0\" class=\"so-panel widget widget_empty-space panel-first-child panel-last-child\" data-index=\"0\" ><div class=\"mobile-extra-space panel-widget-style panel-widget-style-for-18869-0-0-0\" ><div class=\"thim-widget-empty-space thim-widget-empty-space-base\"><div class=\"empty_space\" style=\"height:60px\"><\/div><\/div><\/div><\/div><\/div><\/div><div id=\"pg-18869-1\"  class=\"panel-grid panel-no-style\" ><div id=\"pgc-18869-1-0\"  class=\"panel-grid-cell\" ><div id=\"panel-18869-1-0-0\" class=\"so-panel widget widget_empty-space panel-first-child\" data-index=\"1\" ><div class=\"thim-widget-empty-space thim-widget-empty-space-base\"><div class=\"empty_space\" style=\"height:30px\"><\/div><\/div><\/div><div id=\"panel-18869-1-0-1\" class=\"so-panel widget widget_icon-box panel-last-child\" data-index=\"2\" ><div class=\"thim-widget-icon-box thim-widget-icon-box-base\"><div class=\"inner-box \"><div  class=\"wrapper-box-icon text-left  \" ><div class=\"smicon-box iconbox-top\" data-fancybox-group=\"\"><div class=\"content-inner\" ><div class=\"si-background\"><\/div><div class=\"sc-heading article_heading\"><h3 class = \"heading__primary\" >Pertenecer es disfrutar el doble<\/h3><\/div><a class=\"smicon-read sc-btn si-btn-todo\" data-fancybox-group=\"\">Saber M\u00e1s<\/a><div class=\"desc-icon-box\"><div  class=\"modal\"><span>Bienvenido a Meli\u00e1Rewards, el programa de fidelizaci\u00f3n de Meli\u00e1 Hotels International con el que disfrutar\u00e1s de ventajas exclusivas, mejoras y descuentos para tus estancias personales en los m\u00e1s de 380 hoteles de todas las marcas del grupo Meli\u00e1: Gran Meli\u00e1, ME, Paradisus, Meli\u00e1 Hotels &#38; Resorts, Innside, Tryp y Sol.<\/span><\/div><\/div><\/div><\/div><!--end smicon-box--><\/div><\/div><\/div><\/div><\/div><div id=\"pgc-18869-1-1\"  class=\"panel-grid-cell\" ><div id=\"panel-18869-1-1-0\" class=\"so-panel widget widget_gallery-images panel-first-child panel-last-child\" data-index=\"3\" ><div class=\"thim-widget-gallery-images thim-widget-gallery-images-base\"><div class=\"thim-gallery-images gallery-img \"><div class=\"item\"><img src =\"https:\/\/madeira-melia-stg.shareit.pt\/wp-content\/uploads\/sites\/15\/2020\/08\/Rewards.png\" width=\"508\" height=\"209\" alt= \"Meli\u00e1Rewards\" \/><\/div><\/div><\/div><\/div><\/div><\/div><div id=\"pg-18869-2\"  class=\"panel-grid panel-no-style\" ><div id=\"pgc-18869-2-0\"  class=\"panel-grid-cell\" ><div id=\"panel-18869-2-0-0\" class=\"so-panel widget widget_empty-space panel-first-child\" data-index=\"4\" ><div class=\"mobile-extra-space panel-widget-style panel-widget-style-for-18869-2-0-0\" ><div class=\"thim-widget-empty-space thim-widget-empty-space-base\"><div class=\"empty_space\" style=\"height:60px\"><\/div><\/div><\/div><\/div><div id=\"panel-18869-2-0-1\" class=\"so-panel widget widget_empty-space panel-last-child\" data-index=\"5\" ><div class=\"mobile-extra-space panel-widget-style panel-widget-style-for-18869-2-0-1\" ><div class=\"thim-widget-empty-space thim-widget-empty-space-base\"><div class=\"empty_space\" style=\"height:60px\"><\/div><\/div><\/div><\/div><\/div><\/div><div id=\"pg-18869-3\"  class=\"panel-grid panel-no-style\" ><div id=\"pgc-18869-3-0\"  class=\"panel-grid-cell\" ><div id=\"panel-18869-3-0-0\" class=\"so-panel widget widget_icon-box panel-first-child panel-last-child\" data-index=\"6\" ><div class=\"si-mm-center panel-widget-style panel-widget-style-for-18869-3-0-0\" ><div class=\"thim-widget-icon-box thim-widget-icon-box-base\"><div class=\"inner-box \"><div  class=\"wrapper-box-icon text-center  \" ><div class=\"smicon-box iconbox-top\" data-fancybox-group=\"\"><div class=\"content-inner\" ><div class=\"si-background\"><\/div><div class=\"sc-heading article_heading\"><h3 class = \"heading__primary\" >PERTENECER ES TENER VENTAJAS EXCLUSIVAS<\/h3><\/div><a class=\"smicon-read sc-btn si-btn-todo\" data-fancybox-group=\"\">Saber M\u00e1s<\/a><\/div><\/div><!--end smicon-box--><\/div><\/div><\/div><\/div><\/div><\/div><\/div><div id=\"pg-18869-4\"  class=\"panel-grid panel-no-style\" ><div id=\"pgc-18869-4-0\"  class=\"panel-grid-cell\" ><div id=\"panel-18869-4-0-0\" class=\"so-panel widget widget_gallery-images panel-first-child\" data-index=\"7\" ><div class=\"thim-widget-gallery-images thim-widget-gallery-images-base\"><div class=\"thim-gallery-images gallery-img \"><div class=\"item\"><img src =\"https:\/\/madeira-melia-stg.shareit.pt\/wp-content\/uploads\/sites\/15\/2020\/08\/MAIS-VALOR.png\" width=\"200\" height=\"200\" alt= \"Meli\u00e1Rewards\" \/><\/div><\/div><\/div><\/div><div id=\"panel-18869-4-0-1\" class=\"so-panel widget widget_empty-space\" data-index=\"8\" ><div class=\"thim-widget-empty-space thim-widget-empty-space-base\"><div class=\"empty_space\" style=\"height:30px\"><\/div><\/div><\/div><div id=\"panel-18869-4-0-2\" class=\"so-panel widget widget_icon-box\" data-index=\"9\" ><div class=\"thim-widget-icon-box thim-widget-icon-box-base\"><div class=\"inner-box \"><div  class=\"wrapper-box-icon text-left  \" ><div class=\"smicon-box iconbox-top\" data-fancybox-group=\"\"><div class=\"content-inner\" ><div class=\"si-background\"><\/div><div class=\"sc-heading article_heading\"><h4 class = \"heading__primary\" >M\u00c1S VALOR<\/h4><\/div><a class=\"smicon-read sc-btn si-btn-todo\" data-fancybox-group=\"\">Saber M\u00e1s<\/a><div class=\"desc-icon-box\"><div  class=\"modal\"><span> <br \/>Puntos, sorpresas, descuentos\u2026<br \/>con Meli\u00e1Rewards disfrutas de ventajas exclusivas que te ayudan a hacer tu estancia a\u00fan m\u00e1s especial.<br \/><\/span><\/div><\/div><\/div><\/div><!--end smicon-box--><\/div><\/div><\/div><\/div><div id=\"panel-18869-4-0-3\" class=\"so-panel widget widget_empty-space panel-last-child\" data-index=\"10\" ><div class=\"thim-widget-empty-space thim-widget-empty-space-base\"><div class=\"empty_space\" style=\"height:30px\"><\/div><\/div><\/div><\/div><div id=\"pgc-18869-4-1\"  class=\"panel-grid-cell\" ><div id=\"panel-18869-4-1-0\" class=\"so-panel widget widget_gallery-images panel-first-child\" data-index=\"11\" ><div class=\"thim-widget-gallery-images thim-widget-gallery-images-base\"><div class=\"thim-gallery-images gallery-img \"><div class=\"item\"><img src =\"https:\/\/madeira-melia-stg.shareit.pt\/wp-content\/uploads\/sites\/15\/2020\/08\/MAIS-POSSIBILIDADES.png\" width=\"200\" height=\"201\" alt= \"Meli\u00e1Rewards\" \/><\/div><\/div><\/div><\/div><div id=\"panel-18869-4-1-1\" class=\"so-panel widget widget_empty-space\" data-index=\"12\" ><div class=\"thim-widget-empty-space thim-widget-empty-space-base\"><div class=\"empty_space\" style=\"height:30px\"><\/div><\/div><\/div><div id=\"panel-18869-4-1-2\" class=\"so-panel widget widget_icon-box\" data-index=\"13\" ><div class=\"thim-widget-icon-box thim-widget-icon-box-base\"><div class=\"inner-box \"><div  class=\"wrapper-box-icon text-left  \" ><div class=\"smicon-box iconbox-top\" data-fancybox-group=\"\"><div class=\"content-inner\" ><div class=\"si-background\"><\/div><div class=\"sc-heading article_heading\"><h4 class = \"heading__primary\" >M\u00c1S POSIBILIDADES<\/h4><\/div><a class=\"smicon-read sc-btn si-btn-todo\" data-fancybox-group=\"\">Saber M\u00e1s<\/a><div class=\"desc-icon-box\"><div  class=\"modal\"><span> <br \/>Usa tus puntos de forma flexible: tanto en estancias y servicios en nuestros hoteles como con nuestras empresas colaboradoras.<\/span><\/div><\/div><\/div><\/div><!--end smicon-box--><\/div><\/div><\/div><\/div><div id=\"panel-18869-4-1-3\" class=\"so-panel widget widget_empty-space panel-last-child\" data-index=\"14\" ><div class=\"thim-widget-empty-space thim-widget-empty-space-base\"><div class=\"empty_space\" style=\"height:30px\"><\/div><\/div><\/div><\/div><div id=\"pgc-18869-4-2\"  class=\"panel-grid-cell\" ><div id=\"panel-18869-4-2-0\" class=\"so-panel widget widget_gallery-images panel-first-child\" data-index=\"15\" ><div class=\"thim-widget-gallery-images thim-widget-gallery-images-base\"><div class=\"thim-gallery-images gallery-img \"><div class=\"item\"><img src =\"https:\/\/madeira-melia-stg.shareit.pt\/wp-content\/uploads\/sites\/15\/2020\/08\/MAIS-TEMPO.png\" width=\"200\" height=\"200\" alt= \"Meli\u00e1Rewards\" \/><\/div><\/div><\/div><\/div><div id=\"panel-18869-4-2-1\" class=\"so-panel widget widget_empty-space\" data-index=\"16\" ><div class=\"thim-widget-empty-space thim-widget-empty-space-base\"><div class=\"empty_space\" style=\"height:30px\"><\/div><\/div><\/div><div id=\"panel-18869-4-2-2\" class=\"so-panel widget widget_icon-box\" data-index=\"17\" ><div class=\"thim-widget-icon-box thim-widget-icon-box-base\"><div class=\"inner-box \"><div  class=\"wrapper-box-icon text-left  \" ><div class=\"smicon-box iconbox-top\" data-fancybox-group=\"\"><div class=\"content-inner\" ><div class=\"si-background\"><\/div><div class=\"sc-heading article_heading\"><h4 class = \"heading__primary\" >M\u00c1S TIEMPO<\/h4><\/div><a class=\"smicon-read sc-btn si-btn-todo\" data-fancybox-group=\"\">Saber M\u00e1s<\/a><div class=\"desc-icon-box\"><div  class=\"modal\"><span> <br \/>T\u00fa eres siempre nuestra prioridad: \u00abpre check-in online\u00bb, acceso prioritario al llegar al hotel, \u00ablate check-out\u00bb\u2026 con Meli\u00e1Rewards, tienes m\u00e1s tiempo para lo que realmente importa.<\/span><\/div><\/div><\/div><\/div><!--end smicon-box--><\/div><\/div><\/div><\/div><div id=\"panel-18869-4-2-3\" class=\"so-panel widget widget_empty-space panel-last-child\" data-index=\"18\" ><div class=\"thim-widget-empty-space thim-widget-empty-space-base\"><div class=\"empty_space\" style=\"height:30px\"><\/div><\/div><\/div><\/div><\/div><div id=\"pg-18869-5\"  class=\"panel-grid panel-no-style\" ><div id=\"pgc-18869-5-0\"  class=\"panel-grid-cell\" ><div id=\"panel-18869-5-0-0\" class=\"so-panel widget widget_empty-space panel-first-child\" data-index=\"19\" ><div class=\"thim-widget-empty-space thim-widget-empty-space-base\"><div class=\"empty_space\" style=\"height:30px\"><\/div><\/div><\/div><div id=\"panel-18869-5-0-1\" class=\"so-panel widget widget_icon-box\" data-index=\"20\" ><div class=\"si-mm-center panel-widget-style panel-widget-style-for-18869-5-0-1\" ><div class=\"thim-widget-icon-box thim-widget-icon-box-base\"><div class=\"inner-box \"><div  class=\"wrapper-box-icon text-center  \" ><div class=\"smicon-box iconbox-top\" data-fancybox-group=\"\"><div class=\"content-inner\" ><div class=\"si-background\"><\/div><div class=\"sc-heading article_heading\"><h3 class = \"heading__primary\" >Pertenecer es saber que cada vez es mejor<\/h3><\/div><a class=\"smicon-read sc-btn si-btn-todo\" data-fancybox-group=\"\">Saber M\u00e1s<\/a><div class=\"desc-icon-box\"><div  class=\"modal\"><span>Meli\u00e1Rewards se estructura en cuatro niveles b\u00e1sicos, cada uno de los cuales te permite disfrutar de m\u00e1s ventajas que el anterior: White, Silver, Gold y Platinum.<\/span><\/div><\/div><\/div><\/div><!--end smicon-box--><\/div><\/div><\/div><\/div><\/div><div id=\"panel-18869-5-0-2\" class=\"so-panel widget widget_empty-space\" data-index=\"21\" ><div class=\"thim-widget-empty-space thim-widget-empty-space-base\"><div class=\"empty_space\" style=\"height:30px\"><\/div><\/div><\/div><div id=\"panel-18869-5-0-3\" class=\"so-panel widget widget_gallery-images\" data-index=\"22\" ><div class=\"thim-widget-gallery-images thim-widget-gallery-images-base\"><div class=\"thim-gallery-images gallery-img \"><div class=\"item\"><img src =\"https:\/\/madeira-melia-stg.shareit.pt\/wp-content\/uploads\/sites\/15\/2020\/08\/Mrewardses.jpg\" width=\"1059\" height=\"434\" alt= \"Meli\u00e1Rewards\" \/><\/div><\/div><\/div><\/div><div id=\"panel-18869-5-0-4\" class=\"so-panel widget widget_gallery-images panel-last-child\" data-index=\"23\" ><div class=\"thim-widget-gallery-images thim-widget-gallery-images-base\"><div class=\"thim-gallery-images gallery-img \"><div class=\"item\"><img src =\"https:\/\/madeira-melia-stg.shareit.pt\/wp-content\/uploads\/sites\/15\/2020\/08\/Mrewardsess.jpg\" width=\"858\" height=\"224\" alt= \"Meli\u00e1Rewards\" \/><\/div><\/div><\/div><\/div><\/div><\/div><div id=\"pg-18869-6\"  class=\"panel-grid panel-no-style\" ><div id=\"pgc-18869-6-0\"  class=\"panel-grid-cell\" ><div id=\"panel-18869-6-0-0\" class=\"so-panel widget widget_empty-space panel-first-child\" data-index=\"24\" ><div class=\"thim-widget-empty-space thim-widget-empty-space-base\"><div class=\"empty_space\" style=\"height:30px\"><\/div><\/div><\/div><div id=\"panel-18869-6-0-1\" class=\"so-panel widget widget_sow-button\" data-index=\"25\" ><div class=\"blue-btn panel-widget-style panel-widget-style-for-18869-6-0-1\" ><div\n\t\t\t\n\t\t\tclass=\"so-widget-sow-button so-widget-sow-button-atom-eaa51a902caf-18869\"\n\t\t\t\n\t\t><div class=\"ow-button-base ow-button-align-center\">\n\t<a href=\"https:\/\/www.melia.com\/es\/meliarewards\/elprograma\/home.htm#registro\" class=\"ow-icon-placement-left ow-button-hover\" target=\"_blank\" rel=\"noopener noreferrer\" \t\t>\n\t\t<span>\n\t\t\t\n\t\t\tREG\u00cdSTRATE\t\t<\/span>\n\t<\/a>\n<\/div>\n<\/div><\/div><\/div><div id=\"panel-18869-6-0-2\" class=\"so-panel widget widget_empty-space panel-last-child\" data-index=\"26\" ><div class=\"thim-widget-empty-space thim-widget-empty-space-base\"><div class=\"empty_space\" style=\"height:30px\"><\/div><\/div><\/div><\/div><\/div><\/div>","protected":false},"excerpt":{"rendered":"<p>Pertenecer es disfrutar el dobleSaber M\u00e1sBienvenido a Meli\u00e1Rewards, el programa de fidelizaci\u00f3n de Meli\u00e1 Hotels International con el que disfrutar\u00e1s <\/p>\n","protected":false},"author":3,"featured_media":0,"parent":0,"menu_order":0,"comment_status":"closed","ping_status":"closed","template":"","meta":{"_acf_changed":false,"footnotes":"","_expiration-date-status":"saved","_expiration-date":0,"_expiration-date-type":"","_expiration-date-categories":[],"_expiration-date-options":[]},"class_list":["post-18869","page","type-page","status-publish","hentry"],"acf":[],"_links":{"self":[{"href":"https:\/\/madeira-melia-stg.shareit.pt\/es\/wp-json\/wp\/v2\/pages\/18869","targetHints":{"allow":["GET"]}}],"collection":[{"href":"https:\/\/madeira-melia-stg.shareit.pt\/es\/wp-json\/wp\/v2\/pages"}],"about":[{"href":"https:\/\/madeira-melia-stg.shareit.pt\/es\/wp-json\/wp\/v2\/types\/page"}],"author":[{"embeddable":true,"href":"https:\/\/madeira-melia-stg.shareit.pt\/es\/wp-json\/wp\/v2\/users\/3"}],"replies":[{"embeddable":true,"href":"https:\/\/madeira-melia-stg.shareit.pt\/es\/wp-json\/wp\/v2\/comments?post=18869"}],"version-history":[{"count":8,"href":"https:\/\/madeira-melia-stg.shareit.pt\/es\/wp-json\/wp\/v2\/pages\/18869\/revisions"}],"predecessor-version":[{"id":22878,"href":"https:\/\/madeira-melia-stg.shareit.pt\/es\/wp-json\/wp\/v2\/pages\/18869\/revisions\/22878"}],"wp:attachment":[{"href":"https:\/\/madeira-melia-stg.shareit.pt\/es\/wp-json\/wp\/v2\/media?parent=18869"}],"curies":[{"name":"wp","href":"https:\/\/api.w.org\/{rel}","templated":true}]}}