{"id":7504,"date":"2017-09-27T09:28:36","date_gmt":"2017-09-27T09:28:36","guid":{"rendered":"http:\/\/madeiramare.trypportoexpo.com\/terms-of-use-2\/"},"modified":"2018-06-18T08:59:30","modified_gmt":"2018-06-18T08:59:30","slug":"conditiones-de-uso","status":"publish","type":"page","link":"https:\/\/madeira-melia-stg.shareit.pt\/es\/conditiones-de-uso\/","title":{"rendered":"Conditiones de uso"},"content":{"rendered":"<div id=\"pl-7504\"  class=\"panel-layout\" ><div id=\"pg-7504-0\"  class=\"panel-grid panel-no-style\" ><div id=\"pgc-7504-0-0\"  class=\"panel-grid-cell\" ><div id=\"panel-7504-0-0-0\" class=\"so-panel widget widget_sow-editor panel-first-child panel-last-child\" data-index=\"0\" ><div\n\t\t\t\n\t\t\tclass=\"so-widget-sow-editor so-widget-sow-editor-base\"\n\t\t\t\n\t\t>\n<div class=\"siteorigin-widget-tinymce textwidget\">\n\t<h1 class=\"h1\"><span style=\"font-size: 12pt;\">T\u00c9RMINOS Y CONDICIONES<\/span><\/h1>\n<h2 class=\"h2\"><span style=\"font-size: 12pt;\">A) T\u00c9RMINOS Y CONDICIONES DE UTILIZACI\u00d3N DEL SITE<\/span><\/h2>\n<h2 class=\"h1\"><span style=\"font-size: 12pt;\">\u00a01. PROPIEDAD Y FINALIDAD<\/span><\/h2>\n<p><span style=\"font-size: 12pt;\">El Portal www.meliamadeira.com.pt es propiedad de Madhotel Empreendimentos Tur\u00edsticos, S.A., m\u00e1s adelante denominada como Melia Madeira Mare, persona jur\u00eddica n\u00ba 511 026 595, con sede en Rua Leichlingen, 2-4, 9000-003 Funchal, Portugal y se destina a ser utilizado por los clientes e interesados en los servicios prestados por el emprendimiento.<\/span><\/p>\n<h2 class=\"h2\"><span style=\"font-size: 12pt;\">2. UTILIZACI\u00d3N<\/span><\/h2>\n<p><span style=\"font-size: 12pt;\">El portal est\u00e1 disponible de forma gratuita para efectuar reservas o cualquier otro tipo de contrato con Melia Madeira Mare, a partir de este momento denominado apenas por Hotel.<\/span><\/p>\n<p><span style=\"font-size: 12pt;\">La utilizaci\u00f3n del portal implica para el usuario la aceptaci\u00f3n de las presentes condiciones as\u00ed como la obligaci\u00f3n de no usar ning\u00fan software o aplicaci\u00f3n que interfiera con el normal funcionamiento del portal.<\/span><\/p>\n<h2 class=\"h2\"><span style=\"font-size: 12pt;\">3. CONTENIDOS Y DISPONIBILIDAD<\/span><\/h2>\n<p><span style=\"font-size: 12pt;\">Todos los elementos contenidos en el portal e informaciones disponibles son propiedad de Hotti-Hot\u00e9is, de otras empresas integradas en el grupo econ\u00f3mico de \u00e9sta o de los Hoteles integrados en la cadena con intervenci\u00f3n de gesti\u00f3n de Hotti-Hot\u00e9is, por lo que, sin la autorizaci\u00f3n escrita de \u00e9stos no se permite ninguna reproducci\u00f3n, alteraci\u00f3n o utilizaci\u00f3n de ning\u00fan contenido del portal para fines comerciales.<\/span><\/p>\n<p><span style=\"font-size: 12pt;\">Hotti-Hot\u00e9is no garantiza que el acceso al portal sea ininterrumpido o est\u00e9 exento de fallos derivados de problemas de comunicaci\u00f3n, necesidades de mantenimiento o deficiencias de funcionamiento que razonablemente no pueda controlar, evitar o que se le hayan pasado desapercibidas.<\/span><\/p>\n<p><span style=\"font-size: 12pt;\">Hotti-Hot\u00e9is se reserva el derecho de efectuar alteraciones en cualquier parte del portal, sin aviso previo, debiendo el respectivo usuario conocer siempre los termos y condiciones que en cada momento est\u00e1n en vigor.<\/span><\/p>\n<h2 class=\"h2\"><span style=\"font-size: 12pt;\">4. LINKS E INFORMACI\u00d3N DE WEBSITES AJENOS<\/span><\/h2>\n<p><span style=\"font-size: 12pt;\">El portal permite el acceso a otros websites que est\u00e1n fuera del control del Hotel. En el caso de que el usuario acceda a otros portales a trav\u00e9s de los links disponibles deber\u00e1 conocer los t\u00e9rminos y condiciones espec\u00edficos de utilizaci\u00f3n establecidos por los respectivos operadores.<\/span><\/p>\n<p><span style=\"font-size: 12pt;\">Para facultar informaci\u00f3n al usuario referente al destino donde se localiza el Hotel, el portal presenta adem\u00e1s informaciones p\u00fablicas recogidas de websites que est\u00e1n fuera del control de la empresa. El Hotel no es responsable de la exactitud de los contenidos publicados y de los links, no pudendo ser responsabilizada de eventuales errores que dichas informaciones puedan contener o por la falta de actualizaci\u00f3n de las mismas. En el caso de que el usuario pretenda certificarse de la exactitud de las informaciones prestadas por estos websites, deber\u00e1 acceder directamente a los mismos.<\/span><\/p>\n<h2 class=\"h2\"><span style=\"font-size: 12pt;\">B) POL\u00cdTICA DE PRIVACIDAD<\/span><\/h2>\n<p><span style=\"font-size: 12pt;\">Madhotel Empreendimentos Tur\u00edsticos, S.A al desarrollar y permitir la utilizaci\u00f3n del website del Hotel pretende con eso garantizar un servicio de calidad a sus clientes y visitantes del portal. Dada la forma de funcionamiento de este website, reencaminando reservas al sistema de reservas del propio hotel, no se recoge ninguna informaci\u00f3n del usuario, a parte de las que, por motivos t\u00e9cnicos, se destinan a facilitar el uso del portal, como se describe a continuaci\u00f3n.<\/span><\/p>\n<h2 class=\"h2\"><span style=\"font-size: 12pt;\">5. COOKIES<\/span><\/h2>\n<p><span style=\"font-size: 12pt;\">Al utilizar el website se crear\u00e1n y grabar\u00e1n en el disco de su ordenador peque\u00f1os ficheros de texto para permitir una mayor facilidad y rapidez en el acceso. La informaci\u00f3n recogida a trav\u00e9s de estos ficheros tiene exclusivamente dicha finalidad y no ser\u00e1 divulgada a entidades extra\u00f1as al Hotel.<\/span><\/p>\n<p><span style=\"font-size: 12pt;\">Podr\u00e1 configurar el browser de su ordenador de forma a bloquear estos cookies, pero eso podr\u00e1 dificultar la utilizaci\u00f3n del website.<\/span><\/p>\n<h2 class=\"h2\"><span style=\"font-size: 12pt;\">C) FUERO COMPETENTE Y JURISDICCI\u00d3N<\/span><\/h2>\n<p><span style=\"font-size: 12pt;\">La recogida y el mantenimiento de datos a trav\u00e9s del website, as\u00ed como los t\u00e9rminos y condiciones del respectivo uso, se rigen y se interpretan de acuerdo con la legislaci\u00f3n portuguesa, acordando ambas partes, en el exclusivo inter\u00e9s del Hotel, en elegir como fuero competente y exclusivo el Tribunal de la Comarca de Funchal para juzgar y decidir cualquier procesos, acciones o medidas judiciales que puedan surgir o resultar del uso del website.<\/span><\/p>\n<p>\u00a0<\/p>\n<\/div>\n<\/div><\/div><\/div><\/div><\/div>","protected":false},"excerpt":{"rendered":"<p>T\u00c9RMINOS Y CONDICIONES A) T\u00c9RMINOS Y CONDICIONES DE UTILIZACI\u00d3N DEL SITE \u00a01. PROPIEDAD Y FINALIDAD El Portal www.meliamadeira.com.pt es propiedad [&hellip;]<\/p>\n","protected":false},"author":3,"featured_media":0,"parent":0,"menu_order":34,"comment_status":"closed","ping_status":"closed","template":"","meta":{"_acf_changed":false,"footnotes":"","_expiration-date-status":"saved","_expiration-date":0,"_expiration-date-type":"","_expiration-date-categories":[],"_expiration-date-options":[]},"class_list":["post-7504","page","type-page","status-publish","hentry"],"acf":[],"_links":{"self":[{"href":"https:\/\/madeira-melia-stg.shareit.pt\/es\/wp-json\/wp\/v2\/pages\/7504","targetHints":{"allow":["GET"]}}],"collection":[{"href":"https:\/\/madeira-melia-stg.shareit.pt\/es\/wp-json\/wp\/v2\/pages"}],"about":[{"href":"https:\/\/madeira-melia-stg.shareit.pt\/es\/wp-json\/wp\/v2\/types\/page"}],"author":[{"embeddable":true,"href":"https:\/\/madeira-melia-stg.shareit.pt\/es\/wp-json\/wp\/v2\/users\/3"}],"replies":[{"embeddable":true,"href":"https:\/\/madeira-melia-stg.shareit.pt\/es\/wp-json\/wp\/v2\/comments?post=7504"}],"version-history":[{"count":3,"href":"https:\/\/madeira-melia-stg.shareit.pt\/es\/wp-json\/wp\/v2\/pages\/7504\/revisions"}],"predecessor-version":[{"id":11633,"href":"https:\/\/madeira-melia-stg.shareit.pt\/es\/wp-json\/wp\/v2\/pages\/7504\/revisions\/11633"}],"wp:attachment":[{"href":"https:\/\/madeira-melia-stg.shareit.pt\/es\/wp-json\/wp\/v2\/media?parent=7504"}],"curies":[{"name":"wp","href":"https:\/\/api.w.org\/{rel}","templated":true}]}}