{"id":18866,"date":"2020-08-05T13:09:35","date_gmt":"2020-08-05T12:09:35","guid":{"rendered":"https:\/\/www.meliamadeira.com\/?page_id=18866"},"modified":"2021-02-10T14:42:46","modified_gmt":"2021-02-10T14:42:46","slug":"meliarewards","status":"publish","type":"page","link":"https:\/\/madeira-melia-stg.shareit.pt\/fr\/meliarewards\/","title":{"rendered":"Meli\u00e1Rewards"},"content":{"rendered":"<div id=\"pl-18866\"  class=\"panel-layout\" ><div id=\"pg-18866-0\"  class=\"panel-grid panel-no-style\" ><div id=\"pgc-18866-0-0\"  class=\"panel-grid-cell\" ><div id=\"panel-18866-0-0-0\" class=\"so-panel widget widget_empty-space panel-first-child panel-last-child\" data-index=\"0\" ><div class=\"mobile-extra-space panel-widget-style panel-widget-style-for-18866-0-0-0\" ><div class=\"thim-widget-empty-space thim-widget-empty-space-base\"><div class=\"empty_space\" style=\"height:60px\"><\/div><\/div><\/div><\/div><\/div><\/div><div id=\"pg-18866-1\"  class=\"panel-grid panel-no-style\" ><div id=\"pgc-18866-1-0\"  class=\"panel-grid-cell\" ><div id=\"panel-18866-1-0-0\" class=\"so-panel widget widget_empty-space panel-first-child\" data-index=\"1\" ><div class=\"thim-widget-empty-space thim-widget-empty-space-base\"><div class=\"empty_space\" style=\"height:30px\"><\/div><\/div><\/div><div id=\"panel-18866-1-0-1\" class=\"so-panel widget widget_icon-box panel-last-child\" data-index=\"2\" ><div class=\"thim-widget-icon-box thim-widget-icon-box-base\"><div class=\"inner-box \"><div  class=\"wrapper-box-icon text-left  \" ><div class=\"smicon-box iconbox-top\" data-fancybox-group=\"\"><div class=\"content-inner\" ><div class=\"si-background\"><\/div><div class=\"sc-heading article_heading\"><h3 class = \"heading__primary\" >Nous rejoindre c\u2019est en profiter deux fois plus<\/h3><\/div><a class=\"smicon-read sc-btn si-btn-todo\" data-fancybox-group=\"\">Lire Plus<\/a><div class=\"desc-icon-box\"><div  class=\"modal\"><span>Bienvenue \u00e0 Meli\u00e1Rewards, le programme de fid\u00e9lit\u00e9 de Meli\u00e1 Hotels International avec lequel vous b\u00e9n\u00e9ficierez d\u2019avantages exclusifs, de services pr\u00e9f\u00e9rentiels et de r\u00e9ductions pour vos s\u00e9jours personnels dans plus de 380 h\u00f4tels de toutes les marques du groupe Meli\u00e1 : Gran Meli\u00e1, ME, Paradisus, Meli\u00e1 Hotels &#38; Resorts, Innside, Tryp et Sol.<\/span><\/div><\/div><\/div><\/div><!--end smicon-box--><\/div><\/div><\/div><\/div><\/div><div id=\"pgc-18866-1-1\"  class=\"panel-grid-cell\" ><div id=\"panel-18866-1-1-0\" class=\"so-panel widget widget_gallery-images panel-first-child panel-last-child\" data-index=\"3\" ><div class=\"thim-widget-gallery-images thim-widget-gallery-images-base\"><div class=\"thim-gallery-images gallery-img \"><div class=\"item\"><img src =\"https:\/\/madeira-melia-stg.shareit.pt\/wp-content\/uploads\/sites\/15\/2020\/08\/Rewards.png\" width=\"508\" height=\"209\" alt= \"Meli\u00e1Rewards\" \/><\/div><\/div><\/div><\/div><\/div><\/div><div id=\"pg-18866-2\"  class=\"panel-grid panel-no-style\" ><div id=\"pgc-18866-2-0\"  class=\"panel-grid-cell\" ><div id=\"panel-18866-2-0-0\" class=\"so-panel widget widget_empty-space panel-first-child\" data-index=\"4\" ><div class=\"mobile-extra-space panel-widget-style panel-widget-style-for-18866-2-0-0\" ><div class=\"thim-widget-empty-space thim-widget-empty-space-base\"><div class=\"empty_space\" style=\"height:60px\"><\/div><\/div><\/div><\/div><div id=\"panel-18866-2-0-1\" class=\"so-panel widget widget_empty-space panel-last-child\" data-index=\"5\" ><div class=\"mobile-extra-space panel-widget-style panel-widget-style-for-18866-2-0-1\" ><div class=\"thim-widget-empty-space thim-widget-empty-space-base\"><div class=\"empty_space\" style=\"height:60px\"><\/div><\/div><\/div><\/div><\/div><\/div><div id=\"pg-18866-3\"  class=\"panel-grid panel-no-style\" ><div id=\"pgc-18866-3-0\"  class=\"panel-grid-cell\" ><div id=\"panel-18866-3-0-0\" class=\"so-panel widget widget_icon-box panel-first-child panel-last-child\" data-index=\"6\" ><div class=\"si-mm-center panel-widget-style panel-widget-style-for-18866-3-0-0\" ><div class=\"thim-widget-icon-box thim-widget-icon-box-base\"><div class=\"inner-box \"><div  class=\"wrapper-box-icon text-center  \" ><div class=\"smicon-box iconbox-top\" data-fancybox-group=\"\"><div class=\"content-inner\" ><div class=\"si-background\"><\/div><div class=\"sc-heading article_heading\"><h3 class = \"heading__primary\" >\u00caTRE MEMBRE, C'EST AVOIR DES AVANTAGES EXCLUSIFS<\/h3><\/div><a class=\"smicon-read sc-btn si-btn-todo\" data-fancybox-group=\"\">Lire Plus<\/a><\/div><\/div><!--end smicon-box--><\/div><\/div><\/div><\/div><\/div><\/div><\/div><div id=\"pg-18866-4\"  class=\"panel-grid panel-no-style\" ><div id=\"pgc-18866-4-0\"  class=\"panel-grid-cell\" ><div id=\"panel-18866-4-0-0\" class=\"so-panel widget widget_gallery-images panel-first-child\" data-index=\"7\" ><div class=\"thim-widget-gallery-images thim-widget-gallery-images-base\"><div class=\"thim-gallery-images gallery-img \"><div class=\"item\"><img src =\"https:\/\/madeira-melia-stg.shareit.pt\/wp-content\/uploads\/sites\/15\/2020\/08\/MAIS-VALOR.png\" width=\"200\" height=\"200\" alt= \"Meli\u00e1Rewards\" \/><\/div><\/div><\/div><\/div><div id=\"panel-18866-4-0-1\" class=\"so-panel widget widget_empty-space\" data-index=\"8\" ><div class=\"thim-widget-empty-space thim-widget-empty-space-base\"><div class=\"empty_space\" style=\"height:30px\"><\/div><\/div><\/div><div id=\"panel-18866-4-0-2\" class=\"so-panel widget widget_icon-box\" data-index=\"9\" ><div class=\"thim-widget-icon-box thim-widget-icon-box-base\"><div class=\"inner-box \"><div  class=\"wrapper-box-icon text-left  \" ><div class=\"smicon-box iconbox-top\" data-fancybox-group=\"\"><div class=\"content-inner\" ><div class=\"si-background\"><\/div><div class=\"sc-heading article_heading\"><h4 class = \"heading__primary\" >PLUS DE VALEUR<\/h4><\/div><a class=\"smicon-read sc-btn si-btn-todo\" data-fancybox-group=\"\">Lire Plus<\/a><div class=\"desc-icon-box\"><div  class=\"modal\"><span> <br \/>Des points, des surprises, des r\u00e9ductions\u2026<br \/>Avec Meli\u00e1Rewards, vous b\u00e9n\u00e9ficierez d\u2019avantages exclusifs qui feront de votre s\u00e9jour une exp\u00e9rience inoubliable.<\/span><\/div><\/div><\/div><\/div><!--end smicon-box--><\/div><\/div><\/div><\/div><div id=\"panel-18866-4-0-3\" class=\"so-panel widget widget_empty-space panel-last-child\" data-index=\"10\" ><div class=\"thim-widget-empty-space thim-widget-empty-space-base\"><div class=\"empty_space\" style=\"height:30px\"><\/div><\/div><\/div><\/div><div id=\"pgc-18866-4-1\"  class=\"panel-grid-cell\" ><div id=\"panel-18866-4-1-0\" class=\"so-panel widget widget_gallery-images panel-first-child\" data-index=\"11\" ><div class=\"thim-widget-gallery-images thim-widget-gallery-images-base\"><div class=\"thim-gallery-images gallery-img \"><div class=\"item\"><img src =\"https:\/\/madeira-melia-stg.shareit.pt\/wp-content\/uploads\/sites\/15\/2020\/08\/MAIS-POSSIBILIDADES.png\" width=\"200\" height=\"201\" alt= \"Meli\u00e1Rewards\" \/><\/div><\/div><\/div><\/div><div id=\"panel-18866-4-1-1\" class=\"so-panel widget widget_empty-space\" data-index=\"12\" ><div class=\"thim-widget-empty-space thim-widget-empty-space-base\"><div class=\"empty_space\" style=\"height:30px\"><\/div><\/div><\/div><div id=\"panel-18866-4-1-2\" class=\"so-panel widget widget_icon-box\" data-index=\"13\" ><div class=\"thim-widget-icon-box thim-widget-icon-box-base\"><div class=\"inner-box \"><div  class=\"wrapper-box-icon text-left  \" ><div class=\"smicon-box iconbox-top\" data-fancybox-group=\"\"><div class=\"content-inner\" ><div class=\"si-background\"><\/div><div class=\"sc-heading article_heading\"><h4 class = \"heading__primary\" >PLUS DE POSSIBILIT\u00c9S<\/h4><\/div><a class=\"smicon-read sc-btn si-btn-todo\" data-fancybox-group=\"\">Lire Plus<\/a><div class=\"desc-icon-box\"><div  class=\"modal\"><span> <br \/>Utilisez vos points de mani\u00e8re flexible : \u00e0 la fois pour des s\u00e9jours et des services au sein de nos h\u00f4tels comme aupr\u00e8s de nos partenaires.<\/span><\/div><\/div><\/div><\/div><!--end smicon-box--><\/div><\/div><\/div><\/div><div id=\"panel-18866-4-1-3\" class=\"so-panel widget widget_empty-space panel-last-child\" data-index=\"14\" ><div class=\"thim-widget-empty-space thim-widget-empty-space-base\"><div class=\"empty_space\" style=\"height:30px\"><\/div><\/div><\/div><\/div><div id=\"pgc-18866-4-2\"  class=\"panel-grid-cell\" ><div id=\"panel-18866-4-2-0\" class=\"so-panel widget widget_gallery-images panel-first-child\" data-index=\"15\" ><div class=\"thim-widget-gallery-images thim-widget-gallery-images-base\"><div class=\"thim-gallery-images gallery-img \"><div class=\"item\"><img src =\"https:\/\/madeira-melia-stg.shareit.pt\/wp-content\/uploads\/sites\/15\/2020\/08\/MAIS-TEMPO.png\" width=\"200\" height=\"200\" alt= \"Meli\u00e1Rewards\" \/><\/div><\/div><\/div><\/div><div id=\"panel-18866-4-2-1\" class=\"so-panel widget widget_empty-space\" data-index=\"16\" ><div class=\"thim-widget-empty-space thim-widget-empty-space-base\"><div class=\"empty_space\" style=\"height:30px\"><\/div><\/div><\/div><div id=\"panel-18866-4-2-2\" class=\"so-panel widget widget_icon-box\" data-index=\"17\" ><div class=\"thim-widget-icon-box thim-widget-icon-box-base\"><div class=\"inner-box \"><div  class=\"wrapper-box-icon text-left  \" ><div class=\"smicon-box iconbox-top\" data-fancybox-group=\"\"><div class=\"content-inner\" ><div class=\"si-background\"><\/div><div class=\"sc-heading article_heading\"><h4 class = \"heading__primary\" >PLUS DE TEMPS<\/h4><\/div><a class=\"smicon-read sc-btn si-btn-todo\" data-fancybox-group=\"\">Lire Plus<\/a><div class=\"desc-icon-box\"><div  class=\"modal\"><span> <br \/>Vous \u00eates en permanence notre priorit\u00e9 : le check-in en ligne, l\u2019acc\u00e8s prioritaire \u00e0 votre arriv\u00e9e \u00e0 l\u2019h\u00f4tel, le check-out tardif\u2026 Avec Meli\u00e1Rewards, vous avez plus de temps pour ce qui compte vraiment pour vous.<\/span><\/div><\/div><\/div><\/div><!--end smicon-box--><\/div><\/div><\/div><\/div><div id=\"panel-18866-4-2-3\" class=\"so-panel widget widget_empty-space panel-last-child\" data-index=\"18\" ><div class=\"thim-widget-empty-space thim-widget-empty-space-base\"><div class=\"empty_space\" style=\"height:30px\"><\/div><\/div><\/div><\/div><\/div><div id=\"pg-18866-5\"  class=\"panel-grid panel-no-style\" ><div id=\"pgc-18866-5-0\"  class=\"panel-grid-cell\" ><div id=\"panel-18866-5-0-0\" class=\"so-panel widget widget_empty-space panel-first-child\" data-index=\"19\" ><div class=\"thim-widget-empty-space thim-widget-empty-space-base\"><div class=\"empty_space\" style=\"height:30px\"><\/div><\/div><\/div><div id=\"panel-18866-5-0-1\" class=\"so-panel widget widget_icon-box\" data-index=\"20\" ><div class=\"si-mm-center panel-widget-style panel-widget-style-for-18866-5-0-1\" ><div class=\"thim-widget-icon-box thim-widget-icon-box-base\"><div class=\"inner-box \"><div  class=\"wrapper-box-icon text-center  \" ><div class=\"smicon-box iconbox-top\" data-fancybox-group=\"\"><div class=\"content-inner\" ><div class=\"si-background\"><\/div><div class=\"sc-heading article_heading\"><h3 class = \"heading__primary\" >Nous rejoindre c\u2019est savoir que c\u2019est chaque fois mieux<\/h3><\/div><a class=\"smicon-read sc-btn si-btn-todo\" data-fancybox-group=\"\">Lire Plus<\/a><div class=\"desc-icon-box\"><div  class=\"modal\"><span>Meli\u00e1Rewards est structur\u00e9 en quatre principaux niveaux, chacun d\u2019eux vous permettant de b\u00e9n\u00e9ficier d\u2019encore plus d\u2019avantages que le pr\u00e9c\u00e9dent : White, Silver, Gold et Platinum.<\/span><\/div><\/div><\/div><\/div><!--end smicon-box--><\/div><\/div><\/div><\/div><\/div><div id=\"panel-18866-5-0-2\" class=\"so-panel widget widget_empty-space\" data-index=\"21\" ><div class=\"thim-widget-empty-space thim-widget-empty-space-base\"><div class=\"empty_space\" style=\"height:30px\"><\/div><\/div><\/div><div id=\"panel-18866-5-0-3\" class=\"so-panel widget widget_gallery-images\" data-index=\"22\" ><div class=\"thim-widget-gallery-images thim-widget-gallery-images-base\"><div class=\"thim-gallery-images gallery-img \"><div class=\"item\"><img src =\"https:\/\/madeira-melia-stg.shareit.pt\/wp-content\/uploads\/sites\/15\/2020\/08\/MRewardsfrr.jpg\" width=\"1037\" height=\"497\" alt= \"Meli\u00e1Rewards\" \/><\/div><\/div><\/div><\/div><div id=\"panel-18866-5-0-4\" class=\"so-panel widget widget_gallery-images panel-last-child\" data-index=\"23\" ><div class=\"thim-widget-gallery-images thim-widget-gallery-images-base\"><div class=\"thim-gallery-images gallery-img \"><div class=\"item\"><img src =\"https:\/\/madeira-melia-stg.shareit.pt\/wp-content\/uploads\/sites\/15\/2020\/08\/MRewardsFR.jpg\" width=\"816\" height=\"260\" alt= \"Meli\u00e1Rewards\" \/><\/div><\/div><\/div><\/div><\/div><\/div><div id=\"pg-18866-6\"  class=\"panel-grid panel-no-style\" ><div id=\"pgc-18866-6-0\"  class=\"panel-grid-cell\" ><div id=\"panel-18866-6-0-0\" class=\"so-panel widget widget_empty-space panel-first-child\" data-index=\"24\" ><div class=\"thim-widget-empty-space thim-widget-empty-space-base\"><div class=\"empty_space\" style=\"height:30px\"><\/div><\/div><\/div><div id=\"panel-18866-6-0-1\" class=\"so-panel widget widget_sow-button\" data-index=\"25\" ><div class=\"blue-btn panel-widget-style panel-widget-style-for-18866-6-0-1\" ><div\n\t\t\t\n\t\t\tclass=\"so-widget-sow-button so-widget-sow-button-atom-eaa51a902caf-18866\"\n\t\t\t\n\t\t><div class=\"ow-button-base ow-button-align-center\">\n\t<a href=\"https:\/\/www.melia.com\/fr\/meliarewards\/elprograma\/home.htm#registro\" class=\"ow-icon-placement-left ow-button-hover\" target=\"_blank\" rel=\"noopener noreferrer\" \t\t>\n\t\t<span>\n\t\t\t\n\t\t\tINSCRIVEZ-VOUS\t\t<\/span>\n\t<\/a>\n<\/div>\n<\/div><\/div><\/div><div id=\"panel-18866-6-0-2\" class=\"so-panel widget widget_empty-space panel-last-child\" data-index=\"26\" ><div class=\"thim-widget-empty-space thim-widget-empty-space-base\"><div class=\"empty_space\" style=\"height:30px\"><\/div><\/div><\/div><\/div><\/div><\/div>","protected":false},"excerpt":{"rendered":"<p>Nous rejoindre c\u2019est en profiter deux fois plusLire PlusBienvenue \u00e0 Meli\u00e1Rewards, le programme de fid\u00e9lit\u00e9 de Meli\u00e1 Hotels International avec <\/p>\n","protected":false},"author":3,"featured_media":0,"parent":0,"menu_order":0,"comment_status":"closed","ping_status":"closed","template":"","meta":{"_acf_changed":false,"footnotes":"","_expiration-date-status":"saved","_expiration-date":0,"_expiration-date-type":"","_expiration-date-categories":[],"_expiration-date-options":[]},"class_list":["post-18866","page","type-page","status-publish","hentry"],"acf":[],"_links":{"self":[{"href":"https:\/\/madeira-melia-stg.shareit.pt\/fr\/wp-json\/wp\/v2\/pages\/18866","targetHints":{"allow":["GET"]}}],"collection":[{"href":"https:\/\/madeira-melia-stg.shareit.pt\/fr\/wp-json\/wp\/v2\/pages"}],"about":[{"href":"https:\/\/madeira-melia-stg.shareit.pt\/fr\/wp-json\/wp\/v2\/types\/page"}],"author":[{"embeddable":true,"href":"https:\/\/madeira-melia-stg.shareit.pt\/fr\/wp-json\/wp\/v2\/users\/3"}],"replies":[{"embeddable":true,"href":"https:\/\/madeira-melia-stg.shareit.pt\/fr\/wp-json\/wp\/v2\/comments?post=18866"}],"version-history":[{"count":10,"href":"https:\/\/madeira-melia-stg.shareit.pt\/fr\/wp-json\/wp\/v2\/pages\/18866\/revisions"}],"predecessor-version":[{"id":22870,"href":"https:\/\/madeira-melia-stg.shareit.pt\/fr\/wp-json\/wp\/v2\/pages\/18866\/revisions\/22870"}],"wp:attachment":[{"href":"https:\/\/madeira-melia-stg.shareit.pt\/fr\/wp-json\/wp\/v2\/media?parent=18866"}],"curies":[{"name":"wp","href":"https:\/\/api.w.org\/{rel}","templated":true}]}}