{"id":7665,"date":"2017-09-27T09:28:36","date_gmt":"2017-09-27T09:28:36","guid":{"rendered":"http:\/\/madeiramare.trypportoexpo.com\/terms-of-use-2\/"},"modified":"2018-06-18T09:00:25","modified_gmt":"2018-06-18T09:00:25","slug":"conditions-dutilisation","status":"publish","type":"page","link":"https:\/\/madeira-melia-stg.shareit.pt\/fr\/conditions-dutilisation\/","title":{"rendered":"Conditions d\u00b4utilisation"},"content":{"rendered":"<div id=\"pl-7665\"  class=\"panel-layout\" ><div id=\"pg-7665-0\"  class=\"panel-grid panel-no-style\" ><div id=\"pgc-7665-0-0\"  class=\"panel-grid-cell\" ><div id=\"panel-7665-0-0-0\" class=\"so-panel widget widget_sow-editor panel-first-child panel-last-child\" data-index=\"0\" ><div\n\t\t\t\n\t\t\tclass=\"so-widget-sow-editor so-widget-sow-editor-base\"\n\t\t\t\n\t\t>\n<div class=\"siteorigin-widget-tinymce textwidget\">\n\t<h1 class=\"h1\"><span style=\"font-size: 12pt;\">TERMES ET CONDITIONS<\/span><\/h1>\n<h2 class=\"h2\"><span style=\"font-size: 12pt;\">A) TERMES ET CONDITIONS D'UTILISATION DU SITE<\/span><\/h2>\n<h2 class=\"h2\"><span style=\"font-size: 12pt;\">1. PROPRI\u00c9T\u00c9 ET FINALIT\u00c9<\/span><\/h2>\n<p><span style=\"font-size: 12pt;\">Le site www.meliamadeira.com.pt est la propri\u00e9t\u00e9 de la soci\u00e9t\u00e9 Madhotel Empreendimentos Tur\u00edsticos, SA, ci-apr\u00e8s d\u00e9nomm\u00e9e Melia Madeira Mare, TVA n\u00b0 511 026 595, dont le si\u00e8ge social est sis \u00e0 Rua Leichlingen, 2-4, 9000-003 Funchal. Le site est destin\u00e9 \u00e0 \u00eatre utilis\u00e9 par les clients et int\u00e9ress\u00e9s dans les services fournis par la soci\u00e9t\u00e9.<\/span><\/p>\n<h2 class=\"h2\"><span style=\"font-size: 12pt;\">2. UTILISATION<\/span><\/h2>\n<p><span style=\"font-size: 12pt;\">Le site est gratuit pour faire des r\u00e9servations ou tout autre contrat avec Melia Madeira Mare, ci-apr\u00e8s d\u00e9nomm\u00e9 h\u00f4tel.<\/span><\/p>\n<p><span style=\"font-size: 12pt;\">L'utilisation du site suppose l'acceptation sans r\u00e9serves des conditions d'utilisation ainsi que l'obligation de ne pas utiliser n'importe quel logiciel ou application qui interf\u00e8re avec le fonctionnement normal du site.<\/span><\/p>\n<h2 class=\"h2\"><span style=\"font-size: 12pt;\">3. CONTENU ET DISPONIBILIT\u00c9<\/span><\/h2>\n<p><span style=\"font-size: 12pt;\">Tous les articles \u00e9num\u00e9r\u00e9s sur le site Web et les informations fournies sont la propri\u00e9t\u00e9 de Hotti-Hot\u00e9is, d'autres soci\u00e9t\u00e9s appartenant \u00e0 ce groupe \u00e9conomique ou des h\u00f4tels int\u00e9gr\u00e9s dans la cha\u00eene sous la gestion de Hotti-H\u00f3teis. Toute reproduction en tout ou en partie, modification ou utilisation de tout contenu sur le site \u00e0 des fins commerciales ou autres est interdite sans leur autorisation par \u00e9crit.<\/span><\/p>\n<p><span style=\"font-size: 12pt;\">Hotti-Hot\u00e9is n'assure pas un acc\u00e8s au site sans interruptions ou exempt de d\u00e9fauts li\u00e9s \u00e0 des probl\u00e8mes de communication, aux besoins de maintenance ou \u00e0 des d\u00e9faillances qui ne peuvent pas \u00eatre raisonnablement contr\u00f4l\u00e9s, \u00e9vit\u00e9s ou qui passent inaper\u00e7us.<\/span><\/p>\n<p><span style=\"font-size: 12pt;\">Hotti-Hot\u00e9is se r\u00e9serve le droit d'apporter des modifications \u00e0 n'importe quelle partie du site, sans pr\u00e9avis, l'utilisateur devant toujours prendre connaissance des termes et conditions qui sont en vigueur \u00e0 tout moment.\u00a0<\/span><\/p>\n<h2 class=\"h2\"><span style=\"font-size: 12pt;\">4. LIENS ET INFORMATIONS DE SITES TIERS<\/span><\/h2>\n<p><span style=\"font-size: 12pt;\">Le site permet d'acc\u00e9der \u00e0 d'autres sites qui ne sont pas contr\u00f4l\u00e9s par l'h\u00f4tel. Si l'utilisateur consulte d'autres sites Web \u00e0 travers les liens fournis, il devra s'informer des conditions d'utilisation sp\u00e9cifiques \u00e9tablies par les op\u00e9rateurs respectifs.<\/span><\/p>\n<p><span style=\"font-size: 12pt;\">Afin de fournir \u00e0 l'utilisateur des informations sur la localisation et l'itin\u00e9raire de l'h\u00f4tel, le site contient des informations publiques de sites qui ne sont pas contr\u00f4l\u00e9s par la soci\u00e9t\u00e9. L'h\u00f4tel n'est pas responsable de l'exactitude des contenus publi\u00e9s et des liens, ne pouvant \u00eatre tenu responsable des erreurs contenues dans ces informations ou de leur non mise \u00e0 jour. L'utilisateur qui souhaite v\u00e9rifier l'exactitude des informations fournies par ces sites doit y acc\u00e9der directement.<\/span><\/p>\n<h2 class=\"h2\"><span style=\"font-size: 12pt;\">B) POLITIQUE DE CONFIDENTIALIT\u00c9<\/span><\/h2>\n<p><span style=\"font-size: 12pt;\">Madhotel Empreendimentos Tur\u00edsticos, SA, en d\u00e9veloppant et permettant l'utilisation du site de l'h\u00f4tel vise \u00e0 assurer une service de qualit\u00e9 \u00e0 ses clients et visiteurs du site. \u00c9tant donn\u00e9 le mode de fonctionnement de ce site, avec le transfert des r\u00e9servations au syst\u00e8me de r\u00e9servation de l'h\u00f4tel lui-m\u00eame, les seules informations de l'utilisateur ici collect\u00e9es ne se destinent, pour des raisons techniques, qu'\u00e0 faciliter l'utilisation du site, telle que d\u00e9crite ci-dessous.<\/span><\/p>\n<h2 class=\"h2\"><span style=\"font-size: 12pt;\">5. COOKIES<\/span><\/h2>\n<p><span style=\"font-size: 12pt;\">Lors de la consultation du site Web, des petits fichiers de texte sont cr\u00e9\u00e9s et enregistr\u00e9s sur le disque de votre ordinateur pour permettre un acc\u00e8s plus facile et plus rapide. Les informations recueillies par ces fichiers visent exclusivement cet objectif et ne seront pas divulgu\u00e9es \u00e0 des entit\u00e9s \u00e9trang\u00e8res \u00e0 l'h\u00f4tel.<\/span><\/p>\n<p><span style=\"font-size: 12pt;\">Vous pouvez configurer le navigateur de votre ordinateur afin de bloquer ces cookies, mais cela peut entraver l'utilisation du site.<\/span><\/p>\n<h2 class=\"h2\"><span style=\"font-size: 12pt;\">C) TRIBUNAUX ET JURIDICTION<\/span><\/h2>\n<p><span style=\"font-size: 12pt;\">La collecte et la maintenance des donn\u00e9es par l'interm\u00e9diaire du site Web, ainsi que les termes et conditions d'utilisation, sont r\u00e9gis et interpr\u00e9t\u00e9s conform\u00e9ment au droit portugais, les deux parties convenant, dans le seul int\u00e9r\u00eat de l'h\u00f4tel, de recourir exclusivement au tribunal de grande instance de Funchal, pour se prononcer et d\u00e9cider de toute proc\u00e9dure, action ou d\u00e9cisions judiciaires qui puissent survenir ou r\u00e9sulter de l'utilisation du site.<\/span><\/p>\n<p>\u00a0<\/p>\n<\/div>\n<\/div><\/div><\/div><\/div><\/div>","protected":false},"excerpt":{"rendered":"<p>TERMES ET CONDITIONS A) TERMES ET CONDITIONS D&rsquo;UTILISATION DU SITE 1. PROPRI\u00c9T\u00c9 ET FINALIT\u00c9 Le site www.meliamadeira.com.pt est la propri\u00e9t\u00e9 [&hellip;]<\/p>\n","protected":false},"author":3,"featured_media":0,"parent":0,"menu_order":33,"comment_status":"closed","ping_status":"closed","template":"","meta":{"_acf_changed":false,"footnotes":"","_expiration-date-status":"saved","_expiration-date":0,"_expiration-date-type":"","_expiration-date-categories":[],"_expiration-date-options":[]},"class_list":["post-7665","page","type-page","status-publish","hentry"],"acf":[],"_links":{"self":[{"href":"https:\/\/madeira-melia-stg.shareit.pt\/fr\/wp-json\/wp\/v2\/pages\/7665","targetHints":{"allow":["GET"]}}],"collection":[{"href":"https:\/\/madeira-melia-stg.shareit.pt\/fr\/wp-json\/wp\/v2\/pages"}],"about":[{"href":"https:\/\/madeira-melia-stg.shareit.pt\/fr\/wp-json\/wp\/v2\/types\/page"}],"author":[{"embeddable":true,"href":"https:\/\/madeira-melia-stg.shareit.pt\/fr\/wp-json\/wp\/v2\/users\/3"}],"replies":[{"embeddable":true,"href":"https:\/\/madeira-melia-stg.shareit.pt\/fr\/wp-json\/wp\/v2\/comments?post=7665"}],"version-history":[{"count":4,"href":"https:\/\/madeira-melia-stg.shareit.pt\/fr\/wp-json\/wp\/v2\/pages\/7665\/revisions"}],"predecessor-version":[{"id":11639,"href":"https:\/\/madeira-melia-stg.shareit.pt\/fr\/wp-json\/wp\/v2\/pages\/7665\/revisions\/11639"}],"wp:attachment":[{"href":"https:\/\/madeira-melia-stg.shareit.pt\/fr\/wp-json\/wp\/v2\/media?parent=7665"}],"curies":[{"name":"wp","href":"https:\/\/api.w.org\/{rel}","templated":true}]}}