{"id":15837,"date":"2020-01-15T16:52:03","date_gmt":"2020-01-15T16:52:03","guid":{"rendered":"https:\/\/www.meliamadeira.com\/?page_id=15837"},"modified":"2020-01-17T17:19:20","modified_gmt":"2020-01-17T17:19:20","slug":"faqs","status":"publish","type":"page","link":"https:\/\/madeira-melia-stg.shareit.pt\/pt-pt\/faqs\/","title":{"rendered":"FAQs"},"content":{"rendered":"<div id=\"pl-15837\"  class=\"panel-layout\" ><div id=\"pg-15837-0\"  class=\"panel-grid panel-no-style\" ><div id=\"pgc-15837-0-0\"  class=\"panel-grid-cell\" ><div id=\"panel-15837-0-0-0\" class=\"so-panel widget widget_empty-space panel-first-child panel-last-child\" data-index=\"0\" ><div class=\"thim-widget-empty-space thim-widget-empty-space-base\"><div class=\"empty_space\" style=\"height:30px\"><\/div><\/div><\/div><\/div><\/div><div id=\"pg-15837-1\"  class=\"panel-grid panel-no-style\" ><div id=\"pgc-15837-1-0\"  class=\"panel-grid-cell\" ><div id=\"panel-15837-1-0-0\" class=\"so-panel widget widget_sow-editor panel-first-child\" data-index=\"1\" ><div\n\t\t\t\n\t\t\tclass=\"so-widget-sow-editor so-widget-sow-editor-base\"\n\t\t\t\n\t\t>\n<div class=\"siteorigin-widget-tinymce textwidget\">\n\t<div class=\"hrf-faq-list\"><article class=\"hrf-entry\" id=\"hrf-entry-18082\">\n                      <h3 class=\"hrf-title close-faq\" data-content-id=\"hrf-content-18082\"><span><\/span>HIGIENE &#038; SEGURAN\u00c7A<\/h3>\n                     <div class=\"hrf-content\" id=\"hrf-content-18082\"><h4>Este hotel recebeu o Selo &#8220;Clean &amp; Safe&#8221; do Turismo de Portugal?<\/h4>\n<p>Sim, este hotel recebeu o Selo &#8220;Clean &amp; Safe&#8221; do Turismo de Portugal, que certifica o cumprimento das recomenda\u00e7\u00f5es da Direc\u00e7\u00e3o-Geral de Sa\u00fade.<\/p>\n<h4>Quais s\u00e3o os procedimentos implementados para garantir a seguran\u00e7a e higiene no hotel?<\/h4>\n<p>Foram implementados diversos procedimentos para garantir a seguran\u00e7a e higiene no hotel. Para mais informa\u00e7\u00f5es consulte a nossa p\u00e1gina informativa <a href=\"https:\/\/madeira-melia-stg.shareit.pt\/pt-pt\/higiene-seguranca\/\" target=\"_blank\" rel=\"noopener\">aqui<\/a>.<\/p>\n<\/div>\n                  <\/article><article class=\"hrf-entry\" id=\"hrf-entry-15801\">\n                      <h3 class=\"hrf-title close-faq\" data-content-id=\"hrf-content-15801\"><span><\/span>HOTEL<\/h3>\n                     <div class=\"hrf-content\" id=\"hrf-content-15801\"><h4>Existem \u00e1reas para fumadores no hotel?<\/h4>\n<p>Apenas \u00e9 permitido fumar em zonas exteriores tais como esplanadas ou terra\u00e7os.<\/p>\n<h4>O hotel possui estacionamento pr\u00f3prio?<\/h4>\n<p>Para informa\u00e7\u00f5es sobre estacionamento consulte diretamente o hotel.<\/p>\n<h4>Posso deixar a minha bagagem no hotel antes do Check-in e\/ou depois do Check-out?<\/h4>\n<p>Sim, o hotel disp\u00f5e de um espa\u00e7o onde o cliente pode guardar as suas bagagens antes do check-in e ap\u00f3s o check-out.<\/p>\n<h4>As tarifas incluem o acesso \u00e0 piscina?<\/h4>\n<p>Sim, as tarifas incluem o acesso \u00e0 piscina.<\/p>\n<h4>Qual o hor\u00e1rio do SPA e piscina?<\/h4>\n<p><strong>Segunda a S\u00e1bado:<\/strong> 09h00 \u00e0s 20h00<br \/>\n<strong>Domingo:<\/strong> Encerrado<\/p>\n<p>INFORMA\u00c7\u00d5ES E RESERVAS:<br \/>\nContacto Directo Tel.: +351 291 724151<br \/>\nEmail: spa.melia.madeira@meliaportugal.com<\/p>\n<h4>O estacionamento \u00e9 pago?<\/h4>\n<p>N\u00e3o, o estacionamento n\u00e3o \u00e9 pago.<\/p>\n<h4>\u00c9 permitido animais de estima\u00e7\u00e3o no hotel?<\/h4>\n<p>N\u00e3o, n\u00e3o \u00e9 permitido animais de estima\u00e7\u00e3o no hotel.<\/p>\n<h4>O hotel tem salas de reuni\u00e3o?<\/h4>\n<p>Sim. Possui 6 salas de reuni\u00e3o. Para mais informa\u00e7\u00f5es consultar: <a href=\"https:\/\/madeira-melia-stg.shareit.pt\/pt-pt\/eventos\/\" target=\"_blank\" rel=\"noopener\">https:\/\/madeira-melia-stg.shareit.pt\/pt-pt\/eventos\/<\/a>.<\/p>\n<h4>O hotel tem servi\u00e7o de casamentos?<\/h4>\n<p>Sim. Para mais informa\u00e7\u00f5es consultar: <a href=\"https:\/\/madeira-melia-stg.shareit.pt\/pt-pt\/eventos\/\" target=\"_blank\" rel=\"noopener\">https:\/\/madeira-melia-stg.shareit.pt\/pt-pt\/eventos\/<\/a>.<\/p>\n<h4>Existe elevador?<\/h4>\n<p>Sim, existe elevador.<\/p>\n<h4>H\u00e1 carregadores para carros el\u00e9tricos?<\/h4>\n<p>N\u00e3o, n\u00e3o existe carregadores para carros el\u00e9tricos.<\/p>\n<h4>Existe servi\u00e7o de Wi-Fi no hotel (incluindo quartos)?<\/h4>\n<p>Sim, existe servi\u00e7o de Wi-Fi em todo o hotel.<\/p>\n<h4>Existe lobby e espa\u00e7os p\u00fablicos no hotel?<\/h4>\n<p>Sim, existe um lobby e espa\u00e7os p\u00fablicos no hotel.<\/p>\n<h4>O hotel tem servi\u00e7o de lavandaria e engomadoria?<\/h4>\n<p>Sim, o hotel tem servi\u00e7o de lavandaria e engomadoria.<\/p>\n<h4>Que atividades \u00e9 poss\u00edvel reservar na rece\u00e7\u00e3o?<\/h4>\n<p>Por favor contacte a recep\u00e7\u00e3o do hotel para mais informa\u00e7\u00f5es.<\/p>\n<h4>\u00c9 poss\u00edvel realizar pr\u00e9 check-in?<\/h4>\n<p>Sim. Ap\u00f3s a realiza\u00e7\u00e3o da reserva, todos os clientes que providenciaram contacto email, ir\u00e3o receber instru\u00e7\u00f5es via email de como proceder ao pr\u00e9 check-in, num prazo inferior a 7 dias. Caso n\u00e3o o fa\u00e7a, 3 dias antes do check-in, sugerimos novamente via email que realize o pr\u00e9 check-in. Desta forma \u00e9 lhe poss\u00edvel preencher os dados de todos os h\u00f3spedes e agilizar assim a sua rece\u00e7\u00e3o no nosso hotel.<\/p>\n<\/div>\n                  <\/article><article class=\"hrf-entry\" id=\"hrf-entry-15826\">\n                      <h3 class=\"hrf-title close-faq\" data-content-id=\"hrf-content-15826\"><span><\/span>RESERVAS<\/h3>\n                     <div class=\"hrf-content\" id=\"hrf-content-15826\"><h4>Como efetuar uma reserva diretamente com o hotel?<\/h4>\n<p>As reservas podem ser feitas atrav\u00e9s do motor de reservas online. Em alternativa poder\u00e1 contactar-nos atrav\u00e9s do e-mail ou via telefone. Para mais informa\u00e7\u00f5es, consulte o nosso site.<\/p>\n<h4>Como cancelar ou alterar uma reserva efetuada atrav\u00e9s do site?<\/h4>\n<p>O cancelamento das reservas feitas atrav\u00e9s do site do hotel, pode ser feito no pr\u00f3prio site, ou mediante pedido enviado por e-mail. Algumas reservas n\u00e3o permitem cancelamento, pelo que deve sempre consultar as condi\u00e7\u00f5es de reserva antes de efectuar a sua reserva.<\/p>\n<h4>Como reservar um ber\u00e7o?<\/h4>\n<p>Dever\u00e1 solicitar, no ato da reserva, nos coment\u00e1rios ou pedidos especiais ou ao check-in na rece\u00e7\u00e3o do hotel.<\/p>\n<h4>Como garantir quartos com cama de casal\/camas de solteiro?<\/h4>\n<p>Dever\u00e1 solicitar, no ato da reserva, nos coment\u00e1rios ou pedidos especiais ou ao check-in na rece\u00e7\u00e3o do hotel.<\/p>\n<h4>Como efetuar uma reserva de grupos?<\/h4>\n<p>Dever\u00e1 contactar o departamento de grupos.<\/p>\n<h4>Como garantir um quarto num andar alto?<\/h4>\n<p>Dever\u00e1 solicitar, no ato da reserva, nos coment\u00e1rios ou pedidos especiais ou ao check-in na rece\u00e7\u00e3o do hotel.<\/p>\n<h4>Quais as vantagens de reservar online diretamente no site?<\/h4>\n<p>As vantagens de reservar online diretamente no site s\u00e3o: Garantia da melhor tarifa dispon\u00edvel.<\/p>\n<\/div>\n                  <\/article><article class=\"hrf-entry\" id=\"hrf-entry-15829\">\n                      <h3 class=\"hrf-title close-faq\" data-content-id=\"hrf-content-15829\"><span><\/span>RESTAURANTE<\/h3>\n                     <div class=\"hrf-content\" id=\"hrf-content-15829\"><h4>O pequeno-almo\u00e7o tem produtos sem gl\u00faten?<\/h4>\n<p>Sim, o pequeno-almo\u00e7o tem produtos sem gl\u00faten.<\/p>\n<h4>Quais os menus dispon\u00edveis e qual o tipo de cozinha?<\/h4>\n<p><strong>Restaurante &#8220;Mare Nostrum&#8221;<\/strong><br \/>\nOferece v\u00e1rios buffets tem\u00e1ticos quentes e frios, com servi\u00e7o de &#8220;live cooking station&#8221; para o pequeno almo\u00e7o e para o jantar.<\/p>\n<p><strong>Restaurante &#8220;Il Massimo&#8221;<\/strong><br \/>\nServi\u00e7o \u00e0 la carte, com pratos de cozinha internacional \u2013 decora\u00e7\u00e3o moderna e ambiente acolhedor proporciona a oportunidade de jantar na sala ou no deck com vista mar.<\/p>\n<p><strong>Bar \/ Restaurante &#8220;O ilh\u00e9u&#8221;<\/strong><br \/>\nSituado junto \u00e0 piscina, para servi\u00e7o de almo\u00e7os e refei\u00e7\u00f5es ligeiras.<\/p>\n<p><strong>Bar &#8220;La luna&#8221;<\/strong><br \/>\nJunto \u00e0 recep\u00e7\u00e3o do Hotel e com um terra\u00e7o panor\u00e2mico sobre o mar.<\/p>\n<p><strong>&#8220;Nini deck &amp; Terrace bar&#8221;<\/strong><br \/>\nEsplanada atl\u00e2ntica com uma deslumbrante vista do horizonte oce\u00e2nico.<\/p>\n<h4>O pequeno-almo\u00e7o tem leite sem lactose?<\/h4>\n<p>N\u00e3o, o pequeno almo\u00e7o n\u00e3o tem leite sem lactose.<\/p>\n<\/div>\n                  <\/article><article class=\"hrf-entry\" id=\"hrf-entry-15823\">\n                      <h3 class=\"hrf-title close-faq\" data-content-id=\"hrf-content-15823\"><span><\/span>RECRUTAMENTO<\/h3>\n                     <div class=\"hrf-content\" id=\"hrf-content-15823\"><h4>\u00c9 poss\u00edvel enviar o meu curr\u00edculo para me juntar \u00e0 equipa do hotel?<\/h4>\n<p>Sim, dever\u00e1 enviar para recrutamento@hotihoteis.com.<\/p>\n<div id=\"pg-19821-0\" class=\"panel-grid panel-no-style\"><\/div>\n<div id=\"pg-19821-1\" class=\"panel-grid panel-no-style\"><\/div>\n<\/div>\n                  <\/article><article class=\"hrf-entry\" id=\"hrf-entry-15819\">\n                      <h3 class=\"hrf-title close-faq\" data-content-id=\"hrf-content-15819\"><span><\/span>RECE\u00c7\u00c3O<\/h3>\n                     <div class=\"hrf-content\" id=\"hrf-content-15819\"><h4>Qual o hor\u00e1rio do Check-in?<\/h4>\n<p>Por norma, o check-in \u00e9 feito a partir das 14h. Para entradas antecipadas, o h\u00f3spede dever\u00e1 entrar em contacto com o hotel para consultar a disponibilidade. Poder\u00e3o ser aplicados custos adicionais.<\/p>\n<h4>Qual o hor\u00e1rio do Check-Out?<\/h4>\n<p>Por norma, o check-out \u00e9 feito at\u00e9 \u00e0s 12h. Para sa\u00eddas posteriores \u00e0 hora estipulada, o h\u00f3spede dever\u00e1 entrar em contacto com o hotel para consultar a disponibilidade. Poder\u00e3o ser aplicados custos adicionais. Caso fa\u00e7am parte de um programa em campanha, as condi\u00e7\u00f5es para o late check-out n\u00e3o se regem por este funcionamento.<\/p>\n<h4>Check-in tardio. \u00c9 possivel fazer check-In at\u00e9 que horas?<\/h4>\n<p>Consulte a rece\u00e7\u00e3o para mais informa\u00e7\u00f5es.<\/p>\n<h4>A rece\u00e7\u00e3o est\u00e1 aberta 24h?<\/h4>\n<p>Sim a rece\u00e7\u00e3o est\u00e1 aberta 24h.<\/p>\n<p>&nbsp;<\/p>\n<\/div>\n                  <\/article><article class=\"hrf-entry\" id=\"hrf-entry-15816\">\n                      <h3 class=\"hrf-title close-faq\" data-content-id=\"hrf-content-15816\"><span><\/span>QUARTOS<\/h3>\n                     <div class=\"hrf-content\" id=\"hrf-content-15816\"><h4>Existem quartos para h\u00f3spedes com mobilidade reduzida?<\/h4>\n<p>Temos quartos pr\u00f3prios para h\u00f3spedes com mobilidade reduzida. Caso tenha alguma dificuldade, os nossos colaboradores est\u00e3o sempre dispon\u00edveis para o auxiliar.<\/p>\n<h4>Os quartos t\u00eam minibar?<\/h4>\n<p>Sim, os quartos t\u00eam minibar.<\/p>\n<h4>Existem quartos comunicantes?<\/h4>\n<p>Sim, existem quartos comunicantes.<\/p>\n<h4>\u00c9 poss\u00edvel pedir almofadas e len\u00e7\u00f3is extra?<\/h4>\n<p>Sim, \u00e9 poss\u00edvel pedir almofadas e len\u00e7\u00f3is extra.<\/p>\n<h4>O hotel tem room service? Qual \u00e9 o hor\u00e1rio?<\/h4>\n<p>Consulte a rece\u00e7\u00e3o para mais informa\u00e7\u00f5es.<\/p>\n<h4>Podem incluir\/colocar decora\u00e7\u00e3o rom\u00e2ntica no quarto? Qual o custo?<\/h4>\n<p>Sim, no entanto o valor depende da decora\u00e7\u00e3o solicitada. Consulte a rece\u00e7\u00e3o para mais informa\u00e7\u00f5es.<\/p>\n<h4>Os quartos t\u00eam varanda?<\/h4>\n<p>Sim, os quartos t\u00eam varanda.<\/p>\n<h4>Quais as tipologias de quarto dispon\u00edveis no hotel?<\/h4>\n<p>Dos 220 quartos dispon\u00edveis:<\/p>\n<p>16 s\u00e3o Suites Premium equipadas com cozinha completa;<br \/>\n8 s\u00e3o Master Suites com Kitchenette;<br \/>\n2 s\u00e3o Suites Executivas;<br \/>\n2 s\u00e3o Quartos para pessoas com mobilidade reduzida.<\/p>\n<h4>Os quartos t\u00eam alcatifa?<\/h4>\n<p>Sim, os quartos t\u00eam alcatifa.<\/p>\n<h4>Os quartos t\u00eam ar condicionado?<\/h4>\n<p>Sim, os quartos t\u00eam ar condicionado.<\/p>\n<h4>Existe servi\u00e7o de wake-up call no hotel?<\/h4>\n<p>Sim, existe servi\u00e7o de wake-up call no hotel.<\/p>\n<\/div>\n                  <\/article><article class=\"hrf-entry\" id=\"hrf-entry-15811\">\n                      <h3 class=\"hrf-title close-faq\" data-content-id=\"hrf-content-15811\"><span><\/span>PRE\u00c7OS E PAGAMENTOS<\/h3>\n                     <div class=\"hrf-content\" id=\"hrf-content-15811\"><h4>As tarifas apresentadas s\u00e3o por pessoa ou por quarto?<\/h4>\n<p>As tarifas apresentadas s\u00e3o por quarto.<\/p>\n<h4>Quais os m\u00e9todos de pagamento para reservas efetuadas no site?<\/h4>\n<p>Cart\u00e3o de cr\u00e9dito \u00e9 o m\u00e9todo de pagamento para reservas efetuadas no site.<\/p>\n<h4>\u00c9 cobrada Taxa Tur\u00edstica?<\/h4>\n<p>N\u00e3o, n\u00e3o \u00e9 cobrada a taxa tur\u00edstica.<\/p>\n<h4>At\u00e9 que idade as crian\u00e7as n\u00e3o pagam?<\/h4>\n<p>Para mais informa\u00e7\u00f5es consulte diretamente a rece\u00e7\u00e3o.<\/p>\n<h4>\u00c9 necess\u00e1rio cart\u00e3o de cr\u00e9dito para fazer reserva?<\/h4>\n<p>Sim, \u00e9 necess\u00e1rio como garantia de pagamento, para tarifas reembols\u00e1veis e, para pagamento de reservas pr\u00e9-pagas n\u00e3o reembols\u00e1veis.<\/p>\n<h4>Quais os m\u00e9todos de pagamento dispon\u00edveis?<\/h4>\n<p>Os m\u00e9todos de pagamento dispon\u00edveis s\u00e3o: Cart\u00e3o de cr\u00e9dito Visa, Mastercard , American Express e cart\u00e3o de d\u00e9bito.<\/p>\n<h4>Posso pagar com cart\u00e3o de cr\u00e9dito da empresa?<\/h4>\n<p>Sim, \u00e9 poss\u00edvel pagar com cart\u00e3o de cr\u00e9dito da empresa.<\/p>\n<h4>\u00c9 poss\u00edvel solicitar fatura em nome da empresa?<\/h4>\n<p>Sim, \u00e9 poss\u00edvel solicitar fatura em nome da empresa.<\/p>\n<\/div>\n                  <\/article><article class=\"hrf-entry\" id=\"hrf-entry-15806\">\n                      <h3 class=\"hrf-title close-faq\" data-content-id=\"hrf-content-15806\"><span><\/span>LOCALIZA\u00c7\u00c3O<\/h3>\n                     <div class=\"hrf-content\" id=\"hrf-content-15806\"><h4>\u00c9 disponibilizado o servi\u00e7o de shuttle entre o aeroporto e o hotel?<\/h4>\n<p>Sim, \u00e9 disponibilizado o servi\u00e7o de shuttle. Consulte a rece\u00e7\u00e3o para mais informa\u00e7\u00f5es.<\/p>\n<h4>Qual o meio de transporte para a praia?<\/h4>\n<p>Para a praia de seixos (praia Formosa) o cliente pode ir a p\u00e9. Para outras praias poder\u00e1 ir de autocarro ou taxi.<\/p>\n<h4>Qual o meio de transporte para o centro da cidade?<\/h4>\n<p>Para a cidade o cliente pode ir a p\u00e9 ou de autocarro.<\/p>\n<h4>Qual a tarifa m\u00e9dia do aeroporto at\u00e9 ao hotel?<\/h4>\n<p>A tarifa m\u00e9dia do aeroporto at\u00e9 ao hotel pode variar, consulte o hotel diretamente para mais informa\u00e7\u00f5es.<\/p>\n<h4>Disp\u00f5e de farm\u00e1cia perto do Hotel?<\/h4>\n<p>Sim, o hotel disp\u00f5e de uma farm\u00e1cia perto.<\/p>\n<\/div>\n                  <\/article><\/div>\n<\/div>\n<\/div><\/div><div id=\"panel-15837-1-0-1\" class=\"so-panel widget widget_empty-space panel-last-child\" data-index=\"2\" ><div class=\"thim-widget-empty-space thim-widget-empty-space-base\"><div class=\"empty_space\" style=\"height:30px\"><\/div><\/div><\/div><\/div><\/div><\/div>","protected":false},"excerpt":{"rendered":"<p>\u00c9 disponibilizado o servi\u00e7o de shuttle entre o aeroporto e o hotel?<br \/>\nSim, \u00e9 disponibilizado o servi\u00e7o de shuttle. Consulte <\/p>\n","protected":false},"author":12,"featured_media":0,"parent":0,"menu_order":0,"comment_status":"closed","ping_status":"closed","template":"","meta":{"_acf_changed":false,"footnotes":"","_expiration-date-status":"saved","_expiration-date":0,"_expiration-date-type":"","_expiration-date-categories":[],"_expiration-date-options":[]},"class_list":["post-15837","page","type-page","status-publish","hentry"],"acf":[],"_links":{"self":[{"href":"https:\/\/madeira-melia-stg.shareit.pt\/pt-pt\/wp-json\/wp\/v2\/pages\/15837","targetHints":{"allow":["GET"]}}],"collection":[{"href":"https:\/\/madeira-melia-stg.shareit.pt\/pt-pt\/wp-json\/wp\/v2\/pages"}],"about":[{"href":"https:\/\/madeira-melia-stg.shareit.pt\/pt-pt\/wp-json\/wp\/v2\/types\/page"}],"author":[{"embeddable":true,"href":"https:\/\/madeira-melia-stg.shareit.pt\/pt-pt\/wp-json\/wp\/v2\/users\/12"}],"replies":[{"embeddable":true,"href":"https:\/\/madeira-melia-stg.shareit.pt\/pt-pt\/wp-json\/wp\/v2\/comments?post=15837"}],"version-history":[{"count":3,"href":"https:\/\/madeira-melia-stg.shareit.pt\/pt-pt\/wp-json\/wp\/v2\/pages\/15837\/revisions"}],"predecessor-version":[{"id":15893,"href":"https:\/\/madeira-melia-stg.shareit.pt\/pt-pt\/wp-json\/wp\/v2\/pages\/15837\/revisions\/15893"}],"wp:attachment":[{"href":"https:\/\/madeira-melia-stg.shareit.pt\/pt-pt\/wp-json\/wp\/v2\/media?parent=15837"}],"curies":[{"name":"wp","href":"https:\/\/api.w.org\/{rel}","templated":true}]}}