{"id":18868,"date":"2020-08-05T13:09:06","date_gmt":"2020-08-05T12:09:06","guid":{"rendered":"https:\/\/www.meliamadeira.com\/?page_id=18868"},"modified":"2021-02-10T14:47:04","modified_gmt":"2021-02-10T14:47:04","slug":"meliarewards","status":"publish","type":"page","link":"https:\/\/madeira-melia-stg.shareit.pt\/pt-pt\/meliarewards\/","title":{"rendered":"Meli\u00e1Rewards"},"content":{"rendered":"<div id=\"pl-18868\"  class=\"panel-layout\" ><div id=\"pg-18868-0\"  class=\"panel-grid panel-no-style\" ><div id=\"pgc-18868-0-0\"  class=\"panel-grid-cell\" ><div id=\"panel-18868-0-0-0\" class=\"so-panel widget widget_empty-space panel-first-child panel-last-child\" data-index=\"0\" ><div class=\"mobile-extra-space panel-widget-style panel-widget-style-for-18868-0-0-0\" ><div class=\"thim-widget-empty-space thim-widget-empty-space-base\"><div class=\"empty_space\" style=\"height:60px\"><\/div><\/div><\/div><\/div><\/div><\/div><div id=\"pg-18868-1\"  class=\"panel-grid panel-no-style\" ><div id=\"pgc-18868-1-0\"  class=\"panel-grid-cell\" ><div id=\"panel-18868-1-0-0\" class=\"so-panel widget widget_empty-space panel-first-child\" data-index=\"1\" ><div class=\"thim-widget-empty-space thim-widget-empty-space-base\"><div class=\"empty_space\" style=\"height:30px\"><\/div><\/div><\/div><div id=\"panel-18868-1-0-1\" class=\"so-panel widget widget_icon-box panel-last-child\" data-index=\"2\" ><div class=\"thim-widget-icon-box thim-widget-icon-box-base\"><div class=\"inner-box \"><div  class=\"wrapper-box-icon text-left  \" ><div class=\"smicon-box iconbox-top\" data-fancybox-group=\"\"><div class=\"content-inner\" ><div class=\"si-background\"><\/div><div class=\"sc-heading article_heading\"><h3 class = \"heading__primary\" >Pertencer \u00e9 aproveitar o dobro<\/h3><\/div><a class=\"smicon-read sc-btn si-btn-todo\" data-fancybox-group=\"\">Ver Mais<\/a><div class=\"desc-icon-box\"><div  class=\"modal\"><span>Meli\u00e1Rewards \u00e9 o programa de fidelidade do Meli\u00e1 Hotels International com o qual ter\u00e1 vantagens e ofertas exclusivas e descontos nas suas estadias nos mais de 380 hot\u00e9is de todas as marcas do grupo Meli\u00e1: Gran Meli\u00e1, ME, Paradisus, Meli\u00e1 Hotels &#38; Resorts, Innside, Tryp e Sol.<\/span><\/div><\/div><\/div><\/div><!--end smicon-box--><\/div><\/div><\/div><\/div><\/div><div id=\"pgc-18868-1-1\"  class=\"panel-grid-cell\" ><div id=\"panel-18868-1-1-0\" class=\"so-panel widget widget_gallery-images panel-first-child panel-last-child\" data-index=\"3\" ><div class=\"thim-widget-gallery-images thim-widget-gallery-images-base\"><div class=\"thim-gallery-images gallery-img \"><div class=\"item\"><img src =\"https:\/\/madeira-melia-stg.shareit.pt\/wp-content\/uploads\/sites\/15\/2020\/08\/Rewards.png\" width=\"508\" height=\"209\" alt= \"Meli\u00e1Rewards\" \/><\/div><\/div><\/div><\/div><\/div><\/div><div id=\"pg-18868-2\"  class=\"panel-grid panel-no-style\" ><div id=\"pgc-18868-2-0\"  class=\"panel-grid-cell\" ><div id=\"panel-18868-2-0-0\" class=\"so-panel widget widget_empty-space panel-first-child\" data-index=\"4\" ><div class=\"mobile-extra-space panel-widget-style panel-widget-style-for-18868-2-0-0\" ><div class=\"thim-widget-empty-space thim-widget-empty-space-base\"><div class=\"empty_space\" style=\"height:60px\"><\/div><\/div><\/div><\/div><div id=\"panel-18868-2-0-1\" class=\"so-panel widget widget_empty-space panel-last-child\" data-index=\"5\" ><div class=\"mobile-extra-space panel-widget-style panel-widget-style-for-18868-2-0-1\" ><div class=\"thim-widget-empty-space thim-widget-empty-space-base\"><div class=\"empty_space\" style=\"height:60px\"><\/div><\/div><\/div><\/div><\/div><\/div><div id=\"pg-18868-3\"  class=\"panel-grid panel-no-style\" ><div id=\"pgc-18868-3-0\"  class=\"panel-grid-cell\" ><div id=\"panel-18868-3-0-0\" class=\"so-panel widget widget_icon-box panel-first-child panel-last-child\" data-index=\"6\" ><div class=\"si-mm-center panel-widget-style panel-widget-style-for-18868-3-0-0\" ><div class=\"thim-widget-icon-box thim-widget-icon-box-base\"><div class=\"inner-box \"><div  class=\"wrapper-box-icon text-center  \" ><div class=\"smicon-box iconbox-top\" data-fancybox-group=\"\"><div class=\"content-inner\" ><div class=\"si-background\"><\/div><div class=\"sc-heading article_heading\"><h3 class = \"heading__primary\" >PERTENCER \u00c9 TER VANTAGENS EXCLUSIVAS<\/h3><\/div><a class=\"smicon-read sc-btn si-btn-todo\" data-fancybox-group=\"\">Ver Mais<\/a><\/div><\/div><!--end smicon-box--><\/div><\/div><\/div><\/div><\/div><\/div><\/div><div id=\"pg-18868-4\"  class=\"panel-grid panel-no-style\" ><div id=\"pgc-18868-4-0\"  class=\"panel-grid-cell\" ><div id=\"panel-18868-4-0-0\" class=\"so-panel widget widget_gallery-images panel-first-child\" data-index=\"7\" ><div class=\"thim-widget-gallery-images thim-widget-gallery-images-base\"><div class=\"thim-gallery-images gallery-img \"><div class=\"item\"><img src =\"https:\/\/madeira-melia-stg.shareit.pt\/wp-content\/uploads\/sites\/15\/2020\/08\/MAIS-VALOR.png\" width=\"200\" height=\"200\" alt= \"Meli\u00e1Rewards\" \/><\/div><\/div><\/div><\/div><div id=\"panel-18868-4-0-1\" class=\"so-panel widget widget_empty-space\" data-index=\"8\" ><div class=\"thim-widget-empty-space thim-widget-empty-space-base\"><div class=\"empty_space\" style=\"height:30px\"><\/div><\/div><\/div><div id=\"panel-18868-4-0-2\" class=\"so-panel widget widget_icon-box\" data-index=\"9\" ><div class=\"thim-widget-icon-box thim-widget-icon-box-base\"><div class=\"inner-box \"><div  class=\"wrapper-box-icon text-left  \" ><div class=\"smicon-box iconbox-top\" data-fancybox-group=\"\"><div class=\"content-inner\" ><div class=\"si-background\"><\/div><div class=\"sc-heading article_heading\"><h4 class = \"heading__primary\" >MAIS VALOR<\/h4><\/div><a class=\"smicon-read sc-btn si-btn-todo\" data-fancybox-group=\"\">Ver Mais<\/a><div class=\"desc-icon-box\"><div  class=\"modal\"><span> <br \/>Pontos, surpresas, descontos\u2026 <br \/>Com o Meli\u00e1Rewards, conta com benef\u00edcios exclusivos que o ajudam a tornar a sua estadia ainda mais especial.<br \/><\/span><\/div><\/div><\/div><\/div><!--end smicon-box--><\/div><\/div><\/div><\/div><div id=\"panel-18868-4-0-3\" class=\"so-panel widget widget_empty-space panel-last-child\" data-index=\"10\" ><div class=\"thim-widget-empty-space thim-widget-empty-space-base\"><div class=\"empty_space\" style=\"height:30px\"><\/div><\/div><\/div><\/div><div id=\"pgc-18868-4-1\"  class=\"panel-grid-cell\" ><div id=\"panel-18868-4-1-0\" class=\"so-panel widget widget_gallery-images panel-first-child\" data-index=\"11\" ><div class=\"thim-widget-gallery-images thim-widget-gallery-images-base\"><div class=\"thim-gallery-images gallery-img \"><div class=\"item\"><img src =\"https:\/\/madeira-melia-stg.shareit.pt\/wp-content\/uploads\/sites\/15\/2020\/08\/MAIS-POSSIBILIDADES.png\" width=\"200\" height=\"201\" alt= \"Meli\u00e1Rewards\" \/><\/div><\/div><\/div><\/div><div id=\"panel-18868-4-1-1\" class=\"so-panel widget widget_empty-space\" data-index=\"12\" ><div class=\"thim-widget-empty-space thim-widget-empty-space-base\"><div class=\"empty_space\" style=\"height:30px\"><\/div><\/div><\/div><div id=\"panel-18868-4-1-2\" class=\"so-panel widget widget_icon-box\" data-index=\"13\" ><div class=\"thim-widget-icon-box thim-widget-icon-box-base\"><div class=\"inner-box \"><div  class=\"wrapper-box-icon text-left  \" ><div class=\"smicon-box iconbox-top\" data-fancybox-group=\"\"><div class=\"content-inner\" ><div class=\"si-background\"><\/div><div class=\"sc-heading article_heading\"><h4 class = \"heading__primary\" >MAIS POSSIBILIDADE<\/h4><\/div><a class=\"smicon-read sc-btn si-btn-todo\" data-fancybox-group=\"\">Ver Mais<\/a><div class=\"desc-icon-box\"><div  class=\"modal\"><span> <br \/>Use os seus pontos de forma flex\u00edvel: tanto nas estadias e nos servi\u00e7os nos nossos hot\u00e9is quanto com as empresas colaboradoras.<\/span><\/div><\/div><\/div><\/div><!--end smicon-box--><\/div><\/div><\/div><\/div><div id=\"panel-18868-4-1-3\" class=\"so-panel widget widget_empty-space panel-last-child\" data-index=\"14\" ><div class=\"thim-widget-empty-space thim-widget-empty-space-base\"><div class=\"empty_space\" style=\"height:30px\"><\/div><\/div><\/div><\/div><div id=\"pgc-18868-4-2\"  class=\"panel-grid-cell\" ><div id=\"panel-18868-4-2-0\" class=\"so-panel widget widget_gallery-images panel-first-child\" data-index=\"15\" ><div class=\"thim-widget-gallery-images thim-widget-gallery-images-base\"><div class=\"thim-gallery-images gallery-img \"><div class=\"item\"><img src =\"https:\/\/madeira-melia-stg.shareit.pt\/wp-content\/uploads\/sites\/15\/2020\/08\/MAIS-TEMPO.png\" width=\"200\" height=\"200\" alt= \"Meli\u00e1Rewards\" \/><\/div><\/div><\/div><\/div><div id=\"panel-18868-4-2-1\" class=\"so-panel widget widget_empty-space\" data-index=\"16\" ><div class=\"thim-widget-empty-space thim-widget-empty-space-base\"><div class=\"empty_space\" style=\"height:30px\"><\/div><\/div><\/div><div id=\"panel-18868-4-2-2\" class=\"so-panel widget widget_icon-box\" data-index=\"17\" ><div class=\"thim-widget-icon-box thim-widget-icon-box-base\"><div class=\"inner-box \"><div  class=\"wrapper-box-icon text-left  \" ><div class=\"smicon-box iconbox-top\" data-fancybox-group=\"\"><div class=\"content-inner\" ><div class=\"si-background\"><\/div><div class=\"sc-heading article_heading\"><h4 class = \"heading__primary\" >MAIS TEMPO<\/h4><\/div><a class=\"smicon-read sc-btn si-btn-todo\" data-fancybox-group=\"\">Ver Mais<\/a><div class=\"desc-icon-box\"><div  class=\"modal\"><span> <br \/>Voc\u00ea \u00e9 sempre a nossa prioridade: check-in online, acesso priorit\u00e1rio ao chegar ao hotel, check-out mais tarde\u2026 Com o Meli\u00e1Rewards, tem mais tempo para o que realmente importa.<\/span><\/div><\/div><\/div><\/div><!--end smicon-box--><\/div><\/div><\/div><\/div><div id=\"panel-18868-4-2-3\" class=\"so-panel widget widget_empty-space panel-last-child\" data-index=\"18\" ><div class=\"thim-widget-empty-space thim-widget-empty-space-base\"><div class=\"empty_space\" style=\"height:30px\"><\/div><\/div><\/div><\/div><\/div><div id=\"pg-18868-5\"  class=\"panel-grid panel-no-style\" ><div id=\"pgc-18868-5-0\"  class=\"panel-grid-cell\" ><div id=\"panel-18868-5-0-0\" class=\"so-panel widget widget_empty-space panel-first-child\" data-index=\"19\" ><div class=\"thim-widget-empty-space thim-widget-empty-space-base\"><div class=\"empty_space\" style=\"height:30px\"><\/div><\/div><\/div><div id=\"panel-18868-5-0-1\" class=\"so-panel widget widget_icon-box\" data-index=\"20\" ><div class=\"si-mm-center panel-widget-style panel-widget-style-for-18868-5-0-1\" ><div class=\"thim-widget-icon-box thim-widget-icon-box-base\"><div class=\"inner-box \"><div  class=\"wrapper-box-icon text-center  \" ><div class=\"smicon-box iconbox-top\" data-fancybox-group=\"\"><div class=\"content-inner\" ><div class=\"si-background\"><\/div><div class=\"sc-heading article_heading\"><h3 class = \"heading__primary\" >PERTENCER \u00c9 SABER QUE SER\u00c1 CADA VEZ MELHOR<\/h3><\/div><a class=\"smicon-read sc-btn si-btn-todo\" data-fancybox-group=\"\">Ver Mais<\/a><div class=\"desc-icon-box\"><div  class=\"modal\"><span>O programa possui 4 n\u00edveis b\u00e1sicos: White, Silver, Gold e Platinum. <br \/>Conforme o seu n\u00edvel, poder\u00e1 desfrutar de mais vantagens exclusivas.<\/span><\/div><\/div><\/div><\/div><!--end smicon-box--><\/div><\/div><\/div><\/div><\/div><div id=\"panel-18868-5-0-2\" class=\"so-panel widget widget_empty-space\" data-index=\"21\" ><div class=\"thim-widget-empty-space thim-widget-empty-space-base\"><div class=\"empty_space\" style=\"height:30px\"><\/div><\/div><\/div><div id=\"panel-18868-5-0-3\" class=\"so-panel widget widget_gallery-images\" data-index=\"22\" ><div class=\"thim-widget-gallery-images thim-widget-gallery-images-base\"><div class=\"thim-gallery-images gallery-img \"><div class=\"item\"><img src =\"https:\/\/madeira-melia-stg.shareit.pt\/wp-content\/uploads\/sites\/15\/2020\/08\/Melia-RewardsPT.png\" width=\"950\" height=\"420\" alt= \"Meli\u00e1Rewards\" \/><\/div><\/div><\/div><\/div><div id=\"panel-18868-5-0-4\" class=\"so-panel widget widget_gallery-images panel-last-child\" data-index=\"23\" ><div class=\"thim-widget-gallery-images thim-widget-gallery-images-base\"><div class=\"thim-gallery-images gallery-img \"><div class=\"item\"><img src =\"https:\/\/madeira-melia-stg.shareit.pt\/wp-content\/uploads\/sites\/15\/2020\/08\/MRewardsPT.png\" width=\"950\" height=\"250\" alt= \"Meli\u00e1Rewards\" \/><\/div><\/div><\/div><\/div><\/div><\/div><div id=\"pg-18868-6\"  class=\"panel-grid panel-no-style\" ><div id=\"pgc-18868-6-0\"  class=\"panel-grid-cell\" ><div id=\"panel-18868-6-0-0\" class=\"so-panel widget widget_empty-space panel-first-child\" data-index=\"24\" ><div class=\"thim-widget-empty-space thim-widget-empty-space-base\"><div class=\"empty_space\" style=\"height:30px\"><\/div><\/div><\/div><div id=\"panel-18868-6-0-1\" class=\"so-panel widget widget_sow-button\" data-index=\"25\" ><div class=\"blue-btn panel-widget-style panel-widget-style-for-18868-6-0-1\" ><div\n\t\t\t\n\t\t\tclass=\"so-widget-sow-button so-widget-sow-button-atom-c450304b0b43-18868\"\n\t\t\t\n\t\t><div class=\"ow-button-base ow-button-align-center\">\n\t<a href=\"https:\/\/www.melia.com\/pt\/meliarewards\/elprograma\/home.htm#registro\" class=\"ow-icon-placement-left\" target=\"_blank\" rel=\"noopener noreferrer\" \t\t>\n\t\t<span>\n\t\t\t\n\t\t\tFA\u00c7A J\u00c1 O REGISTO\t\t<\/span>\n\t<\/a>\n<\/div>\n<\/div><\/div><\/div><div id=\"panel-18868-6-0-2\" class=\"so-panel widget widget_empty-space panel-last-child\" data-index=\"26\" ><div class=\"thim-widget-empty-space thim-widget-empty-space-base\"><div class=\"empty_space\" style=\"height:30px\"><\/div><\/div><\/div><\/div><\/div><\/div>","protected":false},"excerpt":{"rendered":"<p>Pertencer \u00e9 aproveitar o dobroVer MaisMeli\u00e1Rewards \u00e9 o programa de fidelidade do Meli\u00e1 Hotels International com o qual ter\u00e1 vantagens <\/p>\n","protected":false},"author":3,"featured_media":0,"parent":0,"menu_order":0,"comment_status":"closed","ping_status":"closed","template":"","meta":{"_acf_changed":false,"footnotes":"","_expiration-date-status":"saved","_expiration-date":0,"_expiration-date-type":"","_expiration-date-categories":[],"_expiration-date-options":[]},"class_list":["post-18868","page","type-page","status-publish","hentry"],"acf":[],"_links":{"self":[{"href":"https:\/\/madeira-melia-stg.shareit.pt\/pt-pt\/wp-json\/wp\/v2\/pages\/18868","targetHints":{"allow":["GET"]}}],"collection":[{"href":"https:\/\/madeira-melia-stg.shareit.pt\/pt-pt\/wp-json\/wp\/v2\/pages"}],"about":[{"href":"https:\/\/madeira-melia-stg.shareit.pt\/pt-pt\/wp-json\/wp\/v2\/types\/page"}],"author":[{"embeddable":true,"href":"https:\/\/madeira-melia-stg.shareit.pt\/pt-pt\/wp-json\/wp\/v2\/users\/3"}],"replies":[{"embeddable":true,"href":"https:\/\/madeira-melia-stg.shareit.pt\/pt-pt\/wp-json\/wp\/v2\/comments?post=18868"}],"version-history":[{"count":10,"href":"https:\/\/madeira-melia-stg.shareit.pt\/pt-pt\/wp-json\/wp\/v2\/pages\/18868\/revisions"}],"predecessor-version":[{"id":22876,"href":"https:\/\/madeira-melia-stg.shareit.pt\/pt-pt\/wp-json\/wp\/v2\/pages\/18868\/revisions\/22876"}],"wp:attachment":[{"href":"https:\/\/madeira-melia-stg.shareit.pt\/pt-pt\/wp-json\/wp\/v2\/media?parent=18868"}],"curies":[{"name":"wp","href":"https:\/\/api.w.org\/{rel}","templated":true}]}}