{"id":6929,"date":"2017-09-27T09:28:36","date_gmt":"2017-09-27T09:28:36","guid":{"rendered":"http:\/\/madeiramare.trypportoexpo.com\/terms-of-use-2\/"},"modified":"2018-06-18T08:59:18","modified_gmt":"2018-06-18T08:59:18","slug":"termos-condicoes","status":"publish","type":"page","link":"https:\/\/madeira-melia-stg.shareit.pt\/pt-pt\/termos-condicoes\/","title":{"rendered":"Termos &#038; Condi\u00e7\u00f5es"},"content":{"rendered":"<div id=\"pl-6929\"  class=\"panel-layout\" ><div id=\"pg-6929-0\"  class=\"panel-grid panel-no-style\" ><div id=\"pgc-6929-0-0\"  class=\"panel-grid-cell\" ><div id=\"panel-6929-0-0-0\" class=\"so-panel widget widget_sow-editor panel-first-child panel-last-child\" data-index=\"0\" ><div\n\t\t\t\n\t\t\tclass=\"so-widget-sow-editor so-widget-sow-editor-base\"\n\t\t\t\n\t\t>\n<div class=\"siteorigin-widget-tinymce textwidget\">\n\t<h1 class=\"h1\"><span style=\"font-size: 12pt;\">TERMOS E CONDI\u00c7\u00d5ES<\/span><\/h1>\n<h2 class=\"h2\"><span style=\"font-size: 12pt;\">A) TERMOS E CONDI\u00c7\u00d5ES DE UTILIZA\u00c7\u00c3O DO SITE<\/span><\/h2>\n<h2 class=\"h2\"><span style=\"font-size: 12pt;\">1. PROPRIEDADE E FINALIDADE<\/span><\/h2>\n<p><span style=\"font-size: 12pt;\">O site www.meliamadeira.com.pt \u00e9 propriedade da Madhotel Empreendimentos Tur\u00edsticos, S.A., adiante designada por Melia Madeira Mare, pessoa colectiva n\u00ba 511 026 595, com sede na Rua Leichlingen, 2-4, 9000-003 Funchal e destina-se a ser utilizado pelos clientes e interessados nos servi\u00e7os prestados pelo empreendimento\u00a0<\/span><\/p>\n<h2 class=\"h2\"><span style=\"font-size: 12pt;\">2. UTILIZA\u00c7\u00c3O<\/span><\/h2>\n<p><span style=\"font-size: 12pt;\">O site \u00e9 disponibilizado gratuitamente para efectuar reservas ou qualquer outro tipo de contrato com o Melia Madeira Mare, doravante designado apenas por Hotel.<\/span><\/p>\n<p><span style=\"font-size: 12pt;\">A utiliza\u00e7\u00e3o do site implica para o utilizador a aceita\u00e7\u00e3o das presentes condi\u00e7\u00f5es bem como a obriga\u00e7\u00e3o de n\u00e3o usar qualquer software ou aplica\u00e7\u00e3o que interfira com o normal funcionamento do site.\u00a0<\/span><\/p>\n<h2 class=\"h2\"><span style=\"font-size: 12pt;\">3. CONTE\u00daDOS E DISPONIBILIDADE<\/span><\/h2>\n<p><span style=\"font-size: 12pt;\">Todos os elementos contidos no site e informa\u00e7\u00f5es disponibilizados s\u00e3o propriedade da Hotti-Hot\u00e9is, de outras empresas integradas no grupo econ\u00f3mico desta ou dos Hot\u00e9is integrados na cadeia com interven\u00e7\u00e3o de gest\u00e3o da Hotti-Hot\u00e9is, pelo que, sem autoriza\u00e7\u00e3o escrita destes n\u00e3o \u00e9 permitida qualquer reprodu\u00e7\u00e3o, altera\u00e7\u00e3o ou utiliza\u00e7\u00e3o de quaisquer conte\u00fados do site para fins comerciais.<\/span><\/p>\n<p><span style=\"font-size: 12pt;\">A Hotti-Hot\u00e9is n\u00e3o garante que o acesso ao site seja ininterrupto ou isento de falhas derivadas de problemas de comunica\u00e7\u00e3o, necessidades de manuten\u00e7\u00e3o ou defici\u00eancias de funcionamento que razoavelmente n\u00e3o possa controlar, evitar ou lhe tenham passado despercebidas.<\/span><\/p>\n<p><span style=\"font-size: 12pt;\">A Hotti-Hot\u00e9is reserva-se o direito de efectuar altera\u00e7\u00f5es em qualquer parte do site, sem aviso pr\u00e9vio, devendo o respectivo utilizador inteirar-se sempre dos termos e condi\u00e7\u00f5es que em cada momento est\u00e3o em vigor.\u00a0<\/span><\/p>\n<h2 class=\"h2\"><span style=\"font-size: 12pt;\">4. LINKS E INFORMA\u00c7\u00c3O DE WEBSITES ALHEIOS<\/span><\/h2>\n<p><span style=\"font-size: 12pt;\">O site permite o acesso a outros websites que est\u00e3o fora do controlo do Hotel. Caso o utilizador aceda a outros sites atrav\u00e9s dos links disponibilizados dever\u00e1 inteirar-se dos termos e condi\u00e7\u00f5es espec\u00edficos de utiliza\u00e7\u00e3o estabelecidos pelos respectivos operadores.<\/span><\/p>\n<p><span style=\"font-size: 12pt;\">Para facultar informa\u00e7\u00e3o ao utilizador relativamente ao destino onde se localiza o Hotel, o site apresenta ainda informa\u00e7\u00f5es p\u00fablicas recolhidas de websites que est\u00e3o fora do controlo da empresa. O Hotel n\u00e3o \u00e9 respons\u00e1vel pela exactid\u00e3o dos conte\u00fados publicados e dos links, n\u00e3o podendo ser responsabilizada por eventuais erros que tais informa\u00e7\u00f5es possam conter ou pela falta de actualiza\u00e7\u00e3o das mesmas. Caso o utilizador pretenda certificar-se da exactid\u00e3o das informa\u00e7\u00f5es prestadas por estes websites, dever\u00e1 aceder directamente aos mesmos.\u00a0<\/span><\/p>\n<h2 class=\"h2\"><span style=\"font-size: 12pt;\">B) POL\u00cdTICA DE PRIVACIDADE<\/span><\/h2>\n<p><span style=\"font-size: 12pt;\">A Madhotel Empreendimentos Tur\u00edsticos, S.A ao desenvolver e permitir a utiliza\u00e7\u00e3o do website do Hotel pretende com isso assegurar um servi\u00e7o de qualidade aos seus clientes e visitantes do site. Dada a forma de funcionamento deste website, com reencaminhamento de reservas para o sistema de reservas do pr\u00f3prio hotel, n\u00e3o \u00e9 recolhida qualquer informa\u00e7\u00e3o do utilizador, para al\u00e9m das que, por motivos t\u00e9cnicos, se destinam a facilitar a utiliza\u00e7\u00e3o do site, como se descreve de seguida.\u00a0<\/span><\/p>\n<h2 class=\"h2\"><span style=\"font-size: 12pt;\">5. COOKIES<\/span><\/h2>\n<p><span style=\"font-size: 12pt;\">Ao utilizar o website ser\u00e3o criados e gravados no disco do seu computador pequenos ficheiros de texto para permitir uma maior facilidade e rapidez no acesso. A informa\u00e7\u00e3o recolhida atrav\u00e9s destes ficheiros tem exclusivamente aquela finalidade e n\u00e3o ser\u00e1 divulgada a entidades estranhas ao Hotel.<\/span><\/p>\n<p><span style=\"font-size: 12pt;\">Poder\u00e1 configurar o browser do seu computador de modo a bloquear estes cookies, mas isso poder\u00e1 dificultar a utiliza\u00e7\u00e3o do website.\u00a0<\/span><\/p>\n<h2 class=\"h2\"><span style=\"font-size: 12pt;\">C) FORO COMPETENTE E JURISDI\u00c7\u00c3O<\/span><\/h2>\n<p><span style=\"font-size: 12pt;\"><strong>a)\u00a0<\/strong>A recolha e manuten\u00e7\u00e3o de dados atrav\u00e9s do website, bem como os termos e condi\u00e7\u00f5es da respectiva utiliza\u00e7\u00e3o, s\u00e3o regidos e interpretados de acordo com a legisla\u00e7\u00e3o portuguesa, acordando ambas as partes, no exclusivo interesse do Hotel, em eleger como foro competente e exclusivo o Tribunal da Comarca do Funchal para julgar e decidir quaisquer processos, ac\u00e7\u00f5es ou medidas judiciais que possam surgir ou resultar da utiliza\u00e7\u00e3o do website.<\/span><\/p>\n<p><span style=\"font-size: 12pt;\"><strong>b)<\/strong>\u00a0\u201cO consumidor pode recorrer a uma das entidades de Resolu\u00e7\u00e3o Alternativa de Lit\u00edgios de Consumo cujo nome, contactos e endere\u00e7o dos s\u00edtios eletr\u00f3nicos na Internet consta da lista de entidades depositada junto da Direc\u00e7\u00e3o do Consumidor. Para mais informa\u00e7\u00f5es consultar Portal do Consumidor:\u00a0<a href=\"http:\/\/www.consumidor.pt\/\">www.consumidor.pt<\/a>.\u201d<\/span><\/p>\n<p>\u00a0<\/p>\n<\/div>\n<\/div><\/div><\/div><\/div><\/div>","protected":false},"excerpt":{"rendered":"<p>TERMOS E CONDI\u00c7\u00d5ES A) TERMOS E CONDI\u00c7\u00d5ES DE UTILIZA\u00c7\u00c3O DO SITE 1. PROPRIEDADE E FINALIDADE O site www.meliamadeira.com.pt \u00e9 propriedade [&hellip;]<\/p>\n","protected":false},"author":3,"featured_media":0,"parent":0,"menu_order":35,"comment_status":"closed","ping_status":"closed","template":"","meta":{"_acf_changed":false,"footnotes":"","_expiration-date-status":"saved","_expiration-date":0,"_expiration-date-type":"","_expiration-date-categories":[],"_expiration-date-options":[]},"class_list":["post-6929","page","type-page","status-publish","hentry"],"acf":[],"_links":{"self":[{"href":"https:\/\/madeira-melia-stg.shareit.pt\/pt-pt\/wp-json\/wp\/v2\/pages\/6929","targetHints":{"allow":["GET"]}}],"collection":[{"href":"https:\/\/madeira-melia-stg.shareit.pt\/pt-pt\/wp-json\/wp\/v2\/pages"}],"about":[{"href":"https:\/\/madeira-melia-stg.shareit.pt\/pt-pt\/wp-json\/wp\/v2\/types\/page"}],"author":[{"embeddable":true,"href":"https:\/\/madeira-melia-stg.shareit.pt\/pt-pt\/wp-json\/wp\/v2\/users\/3"}],"replies":[{"embeddable":true,"href":"https:\/\/madeira-melia-stg.shareit.pt\/pt-pt\/wp-json\/wp\/v2\/comments?post=6929"}],"version-history":[{"count":4,"href":"https:\/\/madeira-melia-stg.shareit.pt\/pt-pt\/wp-json\/wp\/v2\/pages\/6929\/revisions"}],"predecessor-version":[{"id":14426,"href":"https:\/\/madeira-melia-stg.shareit.pt\/pt-pt\/wp-json\/wp\/v2\/pages\/6929\/revisions\/14426"}],"wp:attachment":[{"href":"https:\/\/madeira-melia-stg.shareit.pt\/pt-pt\/wp-json\/wp\/v2\/media?parent=6929"}],"curies":[{"name":"wp","href":"https:\/\/api.w.org\/{rel}","templated":true}]}}